{"id":94,"date":"2024-11-06T15:47:56","date_gmt":"2024-11-06T18:47:56","guid":{"rendered":"https:\/\/www.intisoap.cl\/?post_type=product&#038;p=94"},"modified":"2024-11-06T16:46:14","modified_gmt":"2024-11-06T19:46:14","slug":"rosa-salvaje-en-version-azul","status":"publish","type":"product","link":"https:\/\/www.intisoap.cl\/?product=rosa-salvaje-en-version-azul","title":{"rendered":"Rosa Salvaje en Versi\u00f3n Azul"},"content":{"rendered":"<p><strong>Jab\u00f3n Artesanal \u00abRosa Salvaje en Versi\u00f3n Azul\u00bb<\/strong><\/p>\n<p>Sum\u00e9rgete en la simplicidad y elegancia con nuestra barra de jab\u00f3n artesanal \u00abRosa salvaje en Versi\u00f3n Azul\u00bb. Inspirado en la pureza de las formas geom\u00e9tricas y la belleza de lo esencial, este jab\u00f3n en forma de cubo combina practicidad y sofisticaci\u00f3n. Su delicado aroma a rosas evoca una sensaci\u00f3n de frescura floral, mientras que las suaves tonalidades azules aportan un toque de serenidad visual. El Aceite de Oliva hidrata tu piel, el Aceite de Coco crea una espuma cremosa y suave, y el Aceite de Ricino a\u00f1ade un toque de lujo en cada uso. Cada cubo est\u00e1 dise\u00f1ado para ser f\u00e1cil de usar y almacenar, brind\u00e1ndote una experiencia de ba\u00f1o sencilla pero exquisita, que celebra la pureza de lo simple.<\/p>\n<p><strong>Ingredientes<\/strong>: Aceite de Coco, Aceite de Oliva, Aceite de Ricino, Fragancia de Rosas, Agua Destilada, Lej\u00eda (despu\u00e9s de la saponificaci\u00f3n, la lej\u00eda no est\u00e1 presente en la barra terminada), Micas como colorantes naturales seguros para la piel.<\/p>\n","protected":false},"excerpt":{"rendered":"<p><strong>Jab\u00f3n Artesanal \u00abRosa Salvaje en Versi\u00f3n Azul\u00bb<\/strong><br \/>\nDisfruta de la frescura floral de las rosas con un toque moderno en tonalidades azules. \u00abRosa Salvaje en Versi\u00f3n Azul\u00bb es un pr\u00e1ctico jab\u00f3n en cubo, elaborado con aceites de oliva, coco y ricino, que hidrata tu piel y ofrece una experiencia de ba\u00f1o simple, elegante y refrescante.<\/p>\n","protected":false},"featured_media":95,"comment_status":"open","ping_status":"closed","template":"","meta":[],"product_cat":[15],"product_tag":[],"class_list":{"0":"post-94","1":"product","2":"type-product","3":"status-publish","4":"has-post-thumbnail","6":"product_cat-uncategorized","8":"first","9":"instock","10":"taxable","11":"shipping-taxable","12":"purchasable","13":"product-type-simple"},"jetpack_sharing_enabled":true,"_links":{"self":[{"href":"https:\/\/www.intisoap.cl\/index.php?rest_route=\/wp\/v2\/product\/94","targetHints":{"allow":["GET"]}}],"collection":[{"href":"https:\/\/www.intisoap.cl\/index.php?rest_route=\/wp\/v2\/product"}],"about":[{"href":"https:\/\/www.intisoap.cl\/index.php?rest_route=\/wp\/v2\/types\/product"}],"replies":[{"embeddable":true,"href":"https:\/\/www.intisoap.cl\/index.php?rest_route=%2Fwp%2Fv2%2Fcomments&post=94"}],"wp:featuredmedia":[{"embeddable":true,"href":"https:\/\/www.intisoap.cl\/index.php?rest_route=\/wp\/v2\/media\/95"}],"wp:attachment":[{"href":"https:\/\/www.intisoap.cl\/index.php?rest_route=%2Fwp%2Fv2%2Fmedia&parent=94"}],"wp:term":[{"taxonomy":"product_cat","embeddable":true,"href":"https:\/\/www.intisoap.cl\/index.php?rest_route=%2Fwp%2Fv2%2Fproduct_cat&post=94"},{"taxonomy":"product_tag","embeddable":true,"href":"https:\/\/www.intisoap.cl\/index.php?rest_route=%2Fwp%2Fv2%2Fproduct_tag&post=94"}],"curies":[{"name":"wp","href":"https:\/\/api.w.org\/{rel}","templated":true}]}}