{"id":91,"date":"2024-11-06T15:48:38","date_gmt":"2024-11-06T18:48:38","guid":{"rendered":"https:\/\/www.intisoap.cl\/?post_type=product&#038;p=91"},"modified":"2024-11-06T15:48:38","modified_gmt":"2024-11-06T18:48:38","slug":"abstraccion-de-eucaliptus","status":"publish","type":"product","link":"https:\/\/www.intisoap.cl\/?product=abstraccion-de-eucaliptus","title":{"rendered":"Abstracci\u00f3n de Eucaliptus"},"content":{"rendered":"<p><strong>Jab\u00f3n Artesanal \u00abAbstracci\u00f3n de Eucalipto\u00bb<\/strong><\/p>\n<p>Sum\u00e9rgete en un mundo de formas y colores con nuestra barra de jab\u00f3n artesanal \u00abAbstracci\u00f3n de Eucalipto\u00bb. Inspirado en el arte abstracto, cada barra es una representaci\u00f3n \u00fanica y creativa donde l\u00edneas y figuras se mezclan para crear un dise\u00f1o cautivador. El refrescante aroma del eucalipto llena los sentidos, combin\u00e1ndose con las propiedades hidratantes del Aceite de Oliva y la espuma rica y cremosa del Aceite de Coco, mientras que el Aceite de Ricino proporciona una sensaci\u00f3n lujosa en la piel. Cada jab\u00f3n es cuidadosamente elaborado, brind\u00e1ndote una experiencia de ba\u00f1o que evoca la energ\u00eda, frescura y creatividad del arte abstracto, convirtiendo cada uso en un momento de inspiraci\u00f3n.<\/p>\n<p><strong>Ingredientes<\/strong>: Aceite de Coco, Aceite de Oliva, Aceite de Ricino, Fragancia de Eucalipto, Agua Destilada, Lej\u00eda (despu\u00e9s de la saponificaci\u00f3n, la lej\u00eda no est\u00e1 presente en la barra terminada), Micas como colorantes naturales seguros para la piel.<\/p>\n","protected":false},"excerpt":{"rendered":"<p><strong>Jab\u00f3n Artesanal \u00abAbstracci\u00f3n de Eucalipto\u00bb<\/strong><br \/>\nD\u00e9jate inspirar por el arte abstracto en cada barra de jab\u00f3n con el fresco aroma de eucalipto. Con aceites de oliva, coco y ricino, hidrata tu piel mientras disfrutas de un dise\u00f1o \u00fanico y lleno de creatividad.<\/p>\n","protected":false},"featured_media":93,"comment_status":"open","ping_status":"closed","template":"","meta":[],"product_cat":[15],"product_tag":[],"class_list":{"0":"post-91","1":"product","2":"type-product","3":"status-publish","4":"has-post-thumbnail","6":"product_cat-uncategorized","8":"first","9":"instock","10":"taxable","11":"shipping-taxable","12":"purchasable","13":"product-type-simple"},"jetpack_sharing_enabled":true,"_links":{"self":[{"href":"https:\/\/www.intisoap.cl\/index.php?rest_route=\/wp\/v2\/product\/91","targetHints":{"allow":["GET"]}}],"collection":[{"href":"https:\/\/www.intisoap.cl\/index.php?rest_route=\/wp\/v2\/product"}],"about":[{"href":"https:\/\/www.intisoap.cl\/index.php?rest_route=\/wp\/v2\/types\/product"}],"replies":[{"embeddable":true,"href":"https:\/\/www.intisoap.cl\/index.php?rest_route=%2Fwp%2Fv2%2Fcomments&post=91"}],"wp:featuredmedia":[{"embeddable":true,"href":"https:\/\/www.intisoap.cl\/index.php?rest_route=\/wp\/v2\/media\/93"}],"wp:attachment":[{"href":"https:\/\/www.intisoap.cl\/index.php?rest_route=%2Fwp%2Fv2%2Fmedia&parent=91"}],"wp:term":[{"taxonomy":"product_cat","embeddable":true,"href":"https:\/\/www.intisoap.cl\/index.php?rest_route=%2Fwp%2Fv2%2Fproduct_cat&post=91"},{"taxonomy":"product_tag","embeddable":true,"href":"https:\/\/www.intisoap.cl\/index.php?rest_route=%2Fwp%2Fv2%2Fproduct_tag&post=91"}],"curies":[{"name":"wp","href":"https:\/\/api.w.org\/{rel}","templated":true}]}}