{"id":88,"date":"2024-11-06T15:50:08","date_gmt":"2024-11-06T18:50:08","guid":{"rendered":"https:\/\/www.intisoap.cl\/?post_type=product&#038;p=88"},"modified":"2024-11-06T17:40:31","modified_gmt":"2024-11-06T20:40:31","slug":"millefiori-de-neroli-rojo","status":"publish","type":"product","link":"https:\/\/www.intisoap.cl\/?product=millefiori-de-neroli-rojo","title":{"rendered":"Millefiori de Neroli Rojo"},"content":{"rendered":"<p><strong>Jab\u00f3n Artesanal \u00abMillefiori de Neroli\u00bb<\/strong><\/p>\n<p>Sum\u00e9rgete en la elegancia y el arte de la t\u00e9cnica millefiori con nuestra barra de jab\u00f3n artesanal \u00abMillefiori de Neroli Rojo\u00bb. Inspirado en los patrones intrincados y coloridos de esta antigua t\u00e9cnica decorativa, cada jab\u00f3n es una obra de arte \u00fanica que captura la delicadeza de las flores multicolores. El fresco y vibrante aroma del neroli se combina a la perfecci\u00f3n con las propiedades hidratantes del Aceite de Oliva y la espuma rica y cremosa del Aceite de Coco, mientras que el Aceite de Ricino proporciona una suavidad lujosa en la piel. Cada barra es cuidadosamente elaborada para ofrecerte una experiencia de ba\u00f1o que evoca la belleza artesanal y la fragancia embriagadora del neroli, convirtiendo cada uso en un ritual de bienestar y arte.<\/p>\n<p><strong>Ingredientes<\/strong>: Aceite de Coco, Aceite de Oliva, Aceite de Ricino, Fragancia de Neroli, Agua Destilada, Lej\u00eda (despu\u00e9s de la saponificaci\u00f3n, la lej\u00eda no est\u00e1 presente en la barra terminada), Micas como colorantes naturales seguros para la piel.<\/p>\n","protected":false},"excerpt":{"rendered":"<div class=\"flex max-w-full flex-col flex-grow\">\n<div class=\"min-h-8 text-message flex w-full flex-col items-end gap-2 whitespace-normal break-words [.text-message+&amp;]:mt-5\" dir=\"auto\" data-message-author-role=\"assistant\" data-message-id=\"3c6518c9-e800-4de8-8543-43d18e18fc0b\">\n<div class=\"flex w-full flex-col gap-1 empty:hidden first:pt-[3px]\">\n<div class=\"markdown prose w-full break-words dark:prose-invert dark\">\n<p><strong>Jab\u00f3n Artesanal \u00abMillefiori de Neroli Rojo\u00bb<\/strong><br \/>\nDisfruta del arte en tu rutina diaria con nuestro jab\u00f3n inspirado en la t\u00e9cnica millefiori y el fresco aroma a neroli. Con aceites de oliva, coco y ricino, este jab\u00f3n hidrata tu piel mientras te envuelve en una fragancia floral y vibrante.<\/p>\n<\/div>\n<\/div>\n<\/div>\n<\/div>\n<div class=\"mb-2 flex gap-3 empty:hidden -ml-2\">\n<div class=\"items-center justify-start rounded-xl p-1 flex\">\n<div class=\"flex items-center\">\n<p>&nbsp;<\/p>\n<div class=\"flex\"><\/div>\n<div class=\"flex items-center pb-0\"><span class=\"overflow-hidden text-clip whitespace-nowrap text-sm\">4o<\/span><\/div>\n<\/div>\n<\/div>\n<\/div>\n","protected":false},"featured_media":89,"comment_status":"open","ping_status":"closed","template":"","meta":[],"product_cat":[15],"product_tag":[],"class_list":{"0":"post-88","1":"product","2":"type-product","3":"status-publish","4":"has-post-thumbnail","6":"product_cat-uncategorized","8":"first","9":"instock","10":"taxable","11":"shipping-taxable","12":"purchasable","13":"product-type-simple"},"jetpack_sharing_enabled":true,"_links":{"self":[{"href":"https:\/\/www.intisoap.cl\/index.php?rest_route=\/wp\/v2\/product\/88","targetHints":{"allow":["GET"]}}],"collection":[{"href":"https:\/\/www.intisoap.cl\/index.php?rest_route=\/wp\/v2\/product"}],"about":[{"href":"https:\/\/www.intisoap.cl\/index.php?rest_route=\/wp\/v2\/types\/product"}],"replies":[{"embeddable":true,"href":"https:\/\/www.intisoap.cl\/index.php?rest_route=%2Fwp%2Fv2%2Fcomments&post=88"}],"wp:featuredmedia":[{"embeddable":true,"href":"https:\/\/www.intisoap.cl\/index.php?rest_route=\/wp\/v2\/media\/89"}],"wp:attachment":[{"href":"https:\/\/www.intisoap.cl\/index.php?rest_route=%2Fwp%2Fv2%2Fmedia&parent=88"}],"wp:term":[{"taxonomy":"product_cat","embeddable":true,"href":"https:\/\/www.intisoap.cl\/index.php?rest_route=%2Fwp%2Fv2%2Fproduct_cat&post=88"},{"taxonomy":"product_tag","embeddable":true,"href":"https:\/\/www.intisoap.cl\/index.php?rest_route=%2Fwp%2Fv2%2Fproduct_tag&post=88"}],"curies":[{"name":"wp","href":"https:\/\/api.w.org\/{rel}","templated":true}]}}