{"id":82,"date":"2024-11-06T15:51:26","date_gmt":"2024-11-06T18:51:26","guid":{"rendered":"https:\/\/www.intisoap.cl\/?post_type=product&#038;p=82"},"modified":"2024-11-06T17:39:20","modified_gmt":"2024-11-06T20:39:20","slug":"profundidades-del-mar","status":"publish","type":"product","link":"https:\/\/www.intisoap.cl\/?product=profundidades-del-mar","title":{"rendered":"Profundidades del Mar"},"content":{"rendered":"<p><strong>Jab\u00f3n Artesanal \u00abProfundidades del Mar\u00bb<\/strong><\/p>\n<p>Sum\u00e9rgete en la serenidad y misterio de los oc\u00e9anos profundos con nuestra barra de jab\u00f3n artesanal \u00abProfundidades del Mar\u00bb. Inspirado en los paisajes marinos y los secretos que yacen en el fondo del oc\u00e9ano, este jab\u00f3n captura la esencia de tranquilidad y frescura del mar. El aroma c\u00e1lido y amaderado del s\u00e1ndalo se fusiona con las propiedades hidratantes del Aceite de Oliva y la espuma cremosa del Aceite de Coco, mientras que el Aceite de Ricino aporta una suavidad lujosa en la piel. Cada barra est\u00e1 cuidadosamente elaborada para brindarte una experiencia de ba\u00f1o que evoca la calma y la profundidad del mar, envolvi\u00e9ndote en una sensaci\u00f3n de bienestar y relajaci\u00f3n.<\/p>\n<p><strong>Ingredientes<\/strong>: Aceite de Coco, Aceite de Oliva, Aceite de Ricino, Fragancia de S\u00e1ndalo, Agua Destilada, Lej\u00eda (despu\u00e9s de la saponificaci\u00f3n, la lej\u00eda no est\u00e1 presente en la barra terminada), Micas como colorantes naturales seguros para la piel.<\/p>\n","protected":false},"excerpt":{"rendered":"<p><strong>Jab\u00f3n Artesanal \u00abProfundidades del Mar\u00bb<\/strong><br \/>\nDescubre la calma de los oc\u00e9anos profundos con nuestro jab\u00f3n de s\u00e1ndalo. Hecho con aceites de oliva, coco y ricino, hidrata tu piel mientras disfrutas de un aroma c\u00e1lido y relajante, evocando la serenidad del mar.<\/p>\n","protected":false},"featured_media":83,"comment_status":"open","ping_status":"closed","template":"","meta":[],"product_cat":[15],"product_tag":[],"class_list":{"0":"post-82","1":"product","2":"type-product","3":"status-publish","4":"has-post-thumbnail","6":"product_cat-uncategorized","8":"first","9":"instock","10":"taxable","11":"shipping-taxable","12":"purchasable","13":"product-type-simple"},"jetpack_sharing_enabled":true,"_links":{"self":[{"href":"https:\/\/www.intisoap.cl\/index.php?rest_route=\/wp\/v2\/product\/82","targetHints":{"allow":["GET"]}}],"collection":[{"href":"https:\/\/www.intisoap.cl\/index.php?rest_route=\/wp\/v2\/product"}],"about":[{"href":"https:\/\/www.intisoap.cl\/index.php?rest_route=\/wp\/v2\/types\/product"}],"replies":[{"embeddable":true,"href":"https:\/\/www.intisoap.cl\/index.php?rest_route=%2Fwp%2Fv2%2Fcomments&post=82"}],"wp:featuredmedia":[{"embeddable":true,"href":"https:\/\/www.intisoap.cl\/index.php?rest_route=\/wp\/v2\/media\/83"}],"wp:attachment":[{"href":"https:\/\/www.intisoap.cl\/index.php?rest_route=%2Fwp%2Fv2%2Fmedia&parent=82"}],"wp:term":[{"taxonomy":"product_cat","embeddable":true,"href":"https:\/\/www.intisoap.cl\/index.php?rest_route=%2Fwp%2Fv2%2Fproduct_cat&post=82"},{"taxonomy":"product_tag","embeddable":true,"href":"https:\/\/www.intisoap.cl\/index.php?rest_route=%2Fwp%2Fv2%2Fproduct_tag&post=82"}],"curies":[{"name":"wp","href":"https:\/\/api.w.org\/{rel}","templated":true}]}}