{"id":80,"date":"2024-11-06T15:52:37","date_gmt":"2024-11-06T18:52:37","guid":{"rendered":"https:\/\/www.intisoap.cl\/?post_type=product&#038;p=80"},"modified":"2024-11-06T17:32:12","modified_gmt":"2024-11-06T20:32:12","slug":"dulzura-de-pastel","status":"publish","type":"product","link":"https:\/\/www.intisoap.cl\/?product=dulzura-de-pastel","title":{"rendered":"Dulzura de Pastel"},"content":{"rendered":"<p><strong>Jab\u00f3n Artesanal \u00abDulzura de Pastel\u00bb<\/strong><\/p>\n<p>Sum\u00e9rgete en la frescura y dulzura de un delicioso pastel reci\u00e9n horneado con nuestra barra de jab\u00f3n artesanal \u00abDulzura de Pastel\u00bb. Inspirado en la mezcla perfecta entre lo suave y lo refrescante, este jab\u00f3n evoca la calidez de un pastel esponjoso y el aroma vibrante del eucalipto. El toque refrescante del eucalipto se combina con la hidrataci\u00f3n profunda del Aceite de Oliva y la espuma rica del Aceite de Coco, mientras que el Aceite de Ricino aporta un toque de suavidad y lujo a tu piel. Cada barra est\u00e1 elaborada con esmero, ofreci\u00e9ndote una experiencia de ba\u00f1o que despierta los sentidos y te envuelve en una sensaci\u00f3n de dulzura y frescura.<\/p>\n<p><strong>Ingredientes<\/strong>: Aceite de Coco, Aceite de Oliva, Aceite de Ricino, Fragancia de Eucalipto, Agua Destilada, Lej\u00eda (despu\u00e9s de la saponificaci\u00f3n, la lej\u00eda no est\u00e1 presente en la barra terminada), Micas como colorantes naturales seguros para la piel.<\/p>\n","protected":false},"excerpt":{"rendered":"<p><strong>Jab\u00f3n Artesanal \u00abDulzura de Pastel\u00bb<\/strong><br \/>\nDisfruta de la frescura del eucalipto con un toque de dulzura, evocando la calidez de un pastel reci\u00e9n horneado. Elaborado con aceites de oliva, coco y ricino para hidratar tu piel y ofrecer una experiencia de ba\u00f1o \u00fanica y revitalizante.<\/p>\n","protected":false},"featured_media":81,"comment_status":"open","ping_status":"closed","template":"","meta":[],"product_cat":[15],"product_tag":[],"class_list":{"0":"post-80","1":"product","2":"type-product","3":"status-publish","4":"has-post-thumbnail","6":"product_cat-uncategorized","8":"first","9":"instock","10":"taxable","11":"shipping-taxable","12":"purchasable","13":"product-type-simple"},"jetpack_sharing_enabled":true,"_links":{"self":[{"href":"https:\/\/www.intisoap.cl\/index.php?rest_route=\/wp\/v2\/product\/80","targetHints":{"allow":["GET"]}}],"collection":[{"href":"https:\/\/www.intisoap.cl\/index.php?rest_route=\/wp\/v2\/product"}],"about":[{"href":"https:\/\/www.intisoap.cl\/index.php?rest_route=\/wp\/v2\/types\/product"}],"replies":[{"embeddable":true,"href":"https:\/\/www.intisoap.cl\/index.php?rest_route=%2Fwp%2Fv2%2Fcomments&post=80"}],"wp:featuredmedia":[{"embeddable":true,"href":"https:\/\/www.intisoap.cl\/index.php?rest_route=\/wp\/v2\/media\/81"}],"wp:attachment":[{"href":"https:\/\/www.intisoap.cl\/index.php?rest_route=%2Fwp%2Fv2%2Fmedia&parent=80"}],"wp:term":[{"taxonomy":"product_cat","embeddable":true,"href":"https:\/\/www.intisoap.cl\/index.php?rest_route=%2Fwp%2Fv2%2Fproduct_cat&post=80"},{"taxonomy":"product_tag","embeddable":true,"href":"https:\/\/www.intisoap.cl\/index.php?rest_route=%2Fwp%2Fv2%2Fproduct_tag&post=80"}],"curies":[{"name":"wp","href":"https:\/\/api.w.org\/{rel}","templated":true}]}}