{"id":77,"date":"2024-11-06T15:53:14","date_gmt":"2024-11-06T18:53:14","guid":{"rendered":"https:\/\/www.intisoap.cl\/?post_type=product&#038;p=77"},"modified":"2024-11-06T17:22:44","modified_gmt":"2024-11-06T20:22:44","slug":"valle-de-la-luna","status":"publish","type":"product","link":"https:\/\/www.intisoap.cl\/?product=valle-de-la-luna","title":{"rendered":"Valle de la Luna"},"content":{"rendered":"<p><strong>Jab\u00f3n Artesanal \u00abValle de la Luna\u00bb<\/strong><\/p>\n<p>Emb\u00e1rcate en un viaje hacia la majestuosidad del desierto de Atacama con nuestra barra de jab\u00f3n artesanal \u00abValle de la Luna\u00bb. Inspirado en los paisajes surrealistas y et\u00e9reos del norte de Chile, este jab\u00f3n captura la esencia del misterio y la tranquilidad de las dunas bajo la luz lunar. El delicado aroma de las rosas se fusiona a la perfecci\u00f3n con las propiedades hidratantes del Aceite de Oliva y la espuma suave del Aceite de Coco, mientras que el Aceite de Ricino proporciona una sensaci\u00f3n de lujo sobre la piel. Cada barra est\u00e1 cuidadosamente elaborada para ofrecerte una experiencia de ba\u00f1o que evoca la serenidad y belleza de un atardecer en el desierto chileno.<\/p>\n<p><strong>Ingredientes<\/strong>: Aceite de Coco, Aceite de Oliva, Aceite de Ricino, Fragancia de Rosas, Agua Destilada, Lej\u00eda (despu\u00e9s de la saponificaci\u00f3n, la lej\u00eda no est\u00e1 presente en la barra terminada), Micas como colorantes naturales seguros para la piel.<\/p>\n","protected":false},"excerpt":{"rendered":"<p><strong>Jab\u00f3n Artesanal \u00abValle de la Luna\u00bb<\/strong><br \/>\nInsp\u00edrate en la majestuosidad del desierto de Atacama con nuestro jab\u00f3n de rosas. Con aceites de oliva, coco y ricino, hidrata tu piel mientras el delicado aroma a rosas te envuelve en una experiencia \u00fanica y relajante.<\/p>\n","protected":false},"featured_media":155,"comment_status":"open","ping_status":"closed","template":"","meta":[],"product_cat":[15],"product_tag":[],"class_list":{"0":"post-77","1":"product","2":"type-product","3":"status-publish","4":"has-post-thumbnail","6":"product_cat-uncategorized","8":"first","9":"instock","10":"taxable","11":"shipping-taxable","12":"purchasable","13":"product-type-simple"},"jetpack_sharing_enabled":true,"_links":{"self":[{"href":"https:\/\/www.intisoap.cl\/index.php?rest_route=\/wp\/v2\/product\/77","targetHints":{"allow":["GET"]}}],"collection":[{"href":"https:\/\/www.intisoap.cl\/index.php?rest_route=\/wp\/v2\/product"}],"about":[{"href":"https:\/\/www.intisoap.cl\/index.php?rest_route=\/wp\/v2\/types\/product"}],"replies":[{"embeddable":true,"href":"https:\/\/www.intisoap.cl\/index.php?rest_route=%2Fwp%2Fv2%2Fcomments&post=77"}],"wp:featuredmedia":[{"embeddable":true,"href":"https:\/\/www.intisoap.cl\/index.php?rest_route=\/wp\/v2\/media\/155"}],"wp:attachment":[{"href":"https:\/\/www.intisoap.cl\/index.php?rest_route=%2Fwp%2Fv2%2Fmedia&parent=77"}],"wp:term":[{"taxonomy":"product_cat","embeddable":true,"href":"https:\/\/www.intisoap.cl\/index.php?rest_route=%2Fwp%2Fv2%2Fproduct_cat&post=77"},{"taxonomy":"product_tag","embeddable":true,"href":"https:\/\/www.intisoap.cl\/index.php?rest_route=%2Fwp%2Fv2%2Fproduct_tag&post=77"}],"curies":[{"name":"wp","href":"https:\/\/api.w.org\/{rel}","templated":true}]}}