{"id":70,"date":"2024-11-06T15:53:39","date_gmt":"2024-11-06T18:53:39","guid":{"rendered":"https:\/\/www.intisoap.cl\/?post_type=product&#038;p=70"},"modified":"2024-11-06T17:19:56","modified_gmt":"2024-11-06T20:19:56","slug":"prado-florido","status":"publish","type":"product","link":"https:\/\/www.intisoap.cl\/?product=prado-florido","title":{"rendered":"Prado Florido"},"content":{"rendered":"<p><strong>Jab\u00f3n Artesanal \u00abPrado Florido\u00bb<\/strong><\/p>\n<p>Deja que el suave aroma a jazm\u00edn te transporte a un jard\u00edn florido en pleno esplendor con nuestra barra de jab\u00f3n artesanal \u00abPrado Florido\u00bb. Inspirado en los colores vibrantes y las delicadas flores que cubren los campos en primavera, este jab\u00f3n es una obra de arte visual y sensorial. El cautivador perfume del jazm\u00edn se fusiona a la perfecci\u00f3n con las propiedades hidratantes del Aceite de Oliva y la espuma rica del Aceite de Coco, mientras que el Aceite de Ricino a\u00f1ade una suavidad y un toque de lujo en cada uso. Cada barra est\u00e1 hecha a mano con amor y atenci\u00f3n a los detalles, creando una experiencia de ba\u00f1o que evoca la frescura y belleza de la naturaleza en plena floraci\u00f3n.<\/p>\n<p><strong>Ingredientes<\/strong>: Aceite de Coco, Aceite de Oliva, Aceite de Ricino, Fragancia de Jazm\u00edn, Agua Destilada, Lej\u00eda (despu\u00e9s de la saponificaci\u00f3n, la lej\u00eda no est\u00e1 presente en la barra terminada), Micas como colorantes naturales seguros para la piel.<\/p>\n","protected":false},"excerpt":{"rendered":"<p><strong>Jab\u00f3n Artesanal \u00abPrado Florido\u00bb<\/strong><br \/>\nDisfruta de la frescura de un prado en flor con nuestro jab\u00f3n artesanal de jazm\u00edn. Elaborado con aceites de oliva, coco y ricino, hidrata tu piel mientras el suave aroma a jazm\u00edn te envuelve en una experiencia natural y relajante.<\/p>\n","protected":false},"featured_media":72,"comment_status":"open","ping_status":"closed","template":"","meta":[],"product_cat":[15],"product_tag":[],"class_list":{"0":"post-70","1":"product","2":"type-product","3":"status-publish","4":"has-post-thumbnail","6":"product_cat-uncategorized","8":"first","9":"instock","10":"taxable","11":"shipping-taxable","12":"purchasable","13":"product-type-simple"},"jetpack_sharing_enabled":true,"_links":{"self":[{"href":"https:\/\/www.intisoap.cl\/index.php?rest_route=\/wp\/v2\/product\/70","targetHints":{"allow":["GET"]}}],"collection":[{"href":"https:\/\/www.intisoap.cl\/index.php?rest_route=\/wp\/v2\/product"}],"about":[{"href":"https:\/\/www.intisoap.cl\/index.php?rest_route=\/wp\/v2\/types\/product"}],"replies":[{"embeddable":true,"href":"https:\/\/www.intisoap.cl\/index.php?rest_route=%2Fwp%2Fv2%2Fcomments&post=70"}],"wp:featuredmedia":[{"embeddable":true,"href":"https:\/\/www.intisoap.cl\/index.php?rest_route=\/wp\/v2\/media\/72"}],"wp:attachment":[{"href":"https:\/\/www.intisoap.cl\/index.php?rest_route=%2Fwp%2Fv2%2Fmedia&parent=70"}],"wp:term":[{"taxonomy":"product_cat","embeddable":true,"href":"https:\/\/www.intisoap.cl\/index.php?rest_route=%2Fwp%2Fv2%2Fproduct_cat&post=70"},{"taxonomy":"product_tag","embeddable":true,"href":"https:\/\/www.intisoap.cl\/index.php?rest_route=%2Fwp%2Fv2%2Fproduct_tag&post=70"}],"curies":[{"name":"wp","href":"https:\/\/api.w.org\/{rel}","templated":true}]}}