{"id":61,"date":"2024-09-01T20:13:14","date_gmt":"2024-09-02T00:13:14","guid":{"rendered":"https:\/\/www.intisoap.cl\/?post_type=product&#038;p=61"},"modified":"2024-11-06T17:34:37","modified_gmt":"2024-11-06T20:34:37","slug":"bosque-de-nieve","status":"publish","type":"product","link":"https:\/\/www.intisoap.cl\/?product=bosque-de-nieve","title":{"rendered":"Bosque de Nieve"},"content":{"rendered":"<p>Sum\u00e9rgete en la serenidad de los paisajes invernales del Sur de Chile con nuestra barra de jab\u00f3n artesanal \u00ab<strong>Bosque de Nieve<\/strong>\u00ab. Inspirado en las monta\u00f1as nevadas y los bosques que duermen bajo un manto de nieve, este jab\u00f3n captura la esencia de un d\u00eda fr\u00edo y limpio. El fresco aroma del Neroli se combina a la perfecci\u00f3n con la suavidad hidratante del Aceite de Oliva y la espuma cremosa del Aceite de Coco, mientras que el Aceite de Ricino proporciona una sensaci\u00f3n de lujo en la piel. Cada barra est\u00e1 meticulosamente elaborada para brindarte una experiencia de ba\u00f1o que evoca la pureza y la paz de una nevada reciente en un bosque sure\u00f1o.<\/p>\n<p><strong>Ingredientes:<\/strong> Aceite de Coco, Aceite de Oliva, Aceite de Ricino, Fragancia de Neroli, Agua Destilada, Lej\u00eda (Despu\u00e9s de la Saponificaci\u00f3n, la lej\u00eda no est\u00e1 presente en la barra terminada), Micas como colorantes naturales seguros para la piel.<\/p>\n<p>&nbsp;<\/p>\n","protected":false},"excerpt":{"rendered":"<p><strong>\u00abBosque de Nieve\u00bb<\/strong>: Fresco aroma de Neroli y Aceites Naturales que hidratan tu piel. Inspirado en los paisajes invernales del sur de Chile, convierte tu ba\u00f1o en un ritual de lujo.<\/p>\n","protected":false},"featured_media":166,"comment_status":"open","ping_status":"closed","template":"","meta":[],"product_cat":[15],"product_tag":[],"class_list":{"0":"post-61","1":"product","2":"type-product","3":"status-publish","4":"has-post-thumbnail","6":"product_cat-uncategorized","8":"first","9":"instock","10":"taxable","11":"shipping-taxable","12":"purchasable","13":"product-type-simple"},"jetpack_sharing_enabled":true,"_links":{"self":[{"href":"https:\/\/www.intisoap.cl\/index.php?rest_route=\/wp\/v2\/product\/61","targetHints":{"allow":["GET"]}}],"collection":[{"href":"https:\/\/www.intisoap.cl\/index.php?rest_route=\/wp\/v2\/product"}],"about":[{"href":"https:\/\/www.intisoap.cl\/index.php?rest_route=\/wp\/v2\/types\/product"}],"replies":[{"embeddable":true,"href":"https:\/\/www.intisoap.cl\/index.php?rest_route=%2Fwp%2Fv2%2Fcomments&post=61"}],"wp:featuredmedia":[{"embeddable":true,"href":"https:\/\/www.intisoap.cl\/index.php?rest_route=\/wp\/v2\/media\/166"}],"wp:attachment":[{"href":"https:\/\/www.intisoap.cl\/index.php?rest_route=%2Fwp%2Fv2%2Fmedia&parent=61"}],"wp:term":[{"taxonomy":"product_cat","embeddable":true,"href":"https:\/\/www.intisoap.cl\/index.php?rest_route=%2Fwp%2Fv2%2Fproduct_cat&post=61"},{"taxonomy":"product_tag","embeddable":true,"href":"https:\/\/www.intisoap.cl\/index.php?rest_route=%2Fwp%2Fv2%2Fproduct_tag&post=61"}],"curies":[{"name":"wp","href":"https:\/\/api.w.org\/{rel}","templated":true}]}}