{"id":323,"date":"2024-11-18T16:44:15","date_gmt":"2024-11-18T19:44:15","guid":{"rendered":"https:\/\/www.intisoap.cl\/?post_type=product&#038;p=323"},"modified":"2024-11-18T16:44:15","modified_gmt":"2024-11-18T19:44:15","slug":"olas-de-color","status":"publish","type":"product","link":"https:\/\/www.intisoap.cl\/?product=olas-de-color","title":{"rendered":"Olas de Color"},"content":{"rendered":"<div class=\"flex max-w-full flex-col flex-grow\">\n<div class=\"min-h-8 text-message flex w-full flex-col items-end gap-2 whitespace-normal break-words [.text-message+&amp;]:mt-5\" dir=\"auto\" data-message-author-role=\"assistant\" data-message-id=\"e8cf488d-899b-478d-a041-03af5f752154\" data-message-model-slug=\"gpt-4o\">\n<div class=\"flex w-full flex-col gap-1 empty:hidden first:pt-[3px]\">\n<div class=\"markdown prose w-full break-words dark:prose-invert dark\">\n<p><strong>Jab\u00f3n Artesanal \u00abOlas de Color\u00bb<\/strong><\/p>\n<p>D\u00e9jate llevar por la frescura y la armon\u00eda con nuestra barra de jab\u00f3n artesanal \u00abOlas de Color\u00bb. Inspirado en la serenidad del oc\u00e9ano y la magia de sus tonalidades, este jab\u00f3n presenta un dise\u00f1o \u00fanico que evoca el movimiento de las olas bajo el cielo multicolor. Con la fresca pureza del Tea Tree y el toque floral y ex\u00f3tico del Ylang-Ylang, \u00abOlas de Color\u00bb ofrece una experiencia sensorial equilibrante que calma y revitaliza.<\/p>\n<p>Elaborado con aceites naturales que nutren y suavizan tu piel, su espuma rica y cremosa transforma tu rutina diaria en un momento de bienestar y conexi\u00f3n con la naturaleza. Cada barra es un tributo a la belleza y la fuerza del mar.<\/p>\n<p><strong>Ingredientes:<\/strong> Aceite de Coco, Aceite de Oliva, Aceite de Almendra Dulce, Aceite de Ricino, Aceites Esenciales de Tea Tree y Ylang-Ylang, Agua Destilada, Lej\u00eda (no presente en el producto final tras la saponificaci\u00f3n), Micas naturales para un dise\u00f1o seguro para la piel.<\/p>\n<\/div>\n<\/div>\n<\/div>\n<\/div>\n","protected":false},"excerpt":{"rendered":"<p><strong>Jab\u00f3n Artesanal \u00abOlas de Color\u00bb<\/strong><br \/>\nRefresca y equilibra tus sentidos con \u00abOlas de Color\u00bb, un jab\u00f3n artesanal con el aroma puro del Tea Tree y el toque floral del Ylang-Ylang. Sus ingredientes naturales cuidan tu piel, evocando la serenidad del oc\u00e9ano en cada uso.<\/p>\n","protected":false},"featured_media":325,"comment_status":"open","ping_status":"closed","template":"","meta":[],"product_cat":[15],"product_tag":[],"class_list":{"0":"post-323","1":"product","2":"type-product","3":"status-publish","4":"has-post-thumbnail","6":"product_cat-uncategorized","8":"first","9":"instock","10":"taxable","11":"shipping-taxable","12":"purchasable","13":"product-type-simple"},"jetpack_sharing_enabled":true,"_links":{"self":[{"href":"https:\/\/www.intisoap.cl\/index.php?rest_route=\/wp\/v2\/product\/323","targetHints":{"allow":["GET"]}}],"collection":[{"href":"https:\/\/www.intisoap.cl\/index.php?rest_route=\/wp\/v2\/product"}],"about":[{"href":"https:\/\/www.intisoap.cl\/index.php?rest_route=\/wp\/v2\/types\/product"}],"replies":[{"embeddable":true,"href":"https:\/\/www.intisoap.cl\/index.php?rest_route=%2Fwp%2Fv2%2Fcomments&post=323"}],"wp:featuredmedia":[{"embeddable":true,"href":"https:\/\/www.intisoap.cl\/index.php?rest_route=\/wp\/v2\/media\/325"}],"wp:attachment":[{"href":"https:\/\/www.intisoap.cl\/index.php?rest_route=%2Fwp%2Fv2%2Fmedia&parent=323"}],"wp:term":[{"taxonomy":"product_cat","embeddable":true,"href":"https:\/\/www.intisoap.cl\/index.php?rest_route=%2Fwp%2Fv2%2Fproduct_cat&post=323"},{"taxonomy":"product_tag","embeddable":true,"href":"https:\/\/www.intisoap.cl\/index.php?rest_route=%2Fwp%2Fv2%2Fproduct_tag&post=323"}],"curies":[{"name":"wp","href":"https:\/\/api.w.org\/{rel}","templated":true}]}}