{"id":317,"date":"2024-11-18T16:37:42","date_gmt":"2024-11-18T19:37:42","guid":{"rendered":"https:\/\/www.intisoap.cl\/?post_type=product&#038;p=317"},"modified":"2024-11-23T13:24:45","modified_gmt":"2024-11-23T16:24:45","slug":"estanque-floral","status":"publish","type":"product","link":"https:\/\/www.intisoap.cl\/?product=estanque-floral","title":{"rendered":"Estanque Floral"},"content":{"rendered":"<div class=\"flex max-w-full flex-col flex-grow\">\n<div class=\"min-h-8 text-message flex w-full flex-col items-end gap-2 whitespace-normal break-words [.text-message+&amp;]:mt-5\" dir=\"auto\" data-message-author-role=\"assistant\" data-message-id=\"fc9f4588-e40a-49f0-ba66-5da66b1707b0\" data-message-model-slug=\"gpt-4o\">\n<div class=\"flex w-full flex-col gap-1 empty:hidden first:pt-[3px]\">\n<div class=\"markdown prose w-full break-words dark:prose-invert dark\">\n<p><strong>Jab\u00f3n Artesanal \u00abEstanque Floral\u00bb<\/strong><\/p>\n<p>D\u00e9jate envolver por la serenidad de un jard\u00edn en flor con nuestra barra de jab\u00f3n artesanal \u00abEstanque Floral\u00bb. Inspirado en la delicadeza y el frescor de los estanques llenos de vida, este jab\u00f3n presenta un dise\u00f1o elegante que evoca la tranquilidad de la naturaleza. Con el aroma c\u00edtrico y floral del neroli, \u00abEstanque Floral\u00bb ofrece una experiencia sensorial relajante y revitalizante que transforma tu rutina diaria en un momento de bienestar.<\/p>\n<p>Elaborado con aceites naturales que nutren y suavizan la piel, su espuma rica y cremosa brinda frescura y cuidado en cada uso. Cada barra es un tributo a la belleza y armon\u00eda de la naturaleza en su forma m\u00e1s pura.<\/p>\n<p><strong>Ingredientes:<\/strong> Aceite de Coco, Aceite de Oliva, Aceite de Almendra Dulce, Aceite de Ricino, Aceite Esencial de Neroli, Agua Destilada, Lej\u00eda (no presente en el producto final tras la saponificaci\u00f3n), Micas naturales para un dise\u00f1o seguro para la piel.<\/p>\n<\/div>\n<\/div>\n<\/div>\n<\/div>\n","protected":false},"excerpt":{"rendered":"<p><strong>Jab\u00f3n Artesanal \u00abEstanque Floral\u00bb<\/strong><br \/>\nSum\u00e9rgete en la tranquilidad de la naturaleza con \u00abEstanque Floral\u00bb, un jab\u00f3n artesanal con el fresco y delicado aroma de neroli. Sus ingredientes naturales cuidan tu piel, ofreciendo un momento de relajaci\u00f3n y frescura.<\/p>\n","protected":false},"featured_media":319,"comment_status":"open","ping_status":"closed","template":"","meta":[],"product_cat":[15],"product_tag":[],"class_list":{"0":"post-317","1":"product","2":"type-product","3":"status-publish","4":"has-post-thumbnail","6":"product_cat-uncategorized","8":"first","9":"instock","10":"taxable","11":"shipping-taxable","12":"purchasable","13":"product-type-simple"},"jetpack_sharing_enabled":true,"_links":{"self":[{"href":"https:\/\/www.intisoap.cl\/index.php?rest_route=\/wp\/v2\/product\/317","targetHints":{"allow":["GET"]}}],"collection":[{"href":"https:\/\/www.intisoap.cl\/index.php?rest_route=\/wp\/v2\/product"}],"about":[{"href":"https:\/\/www.intisoap.cl\/index.php?rest_route=\/wp\/v2\/types\/product"}],"replies":[{"embeddable":true,"href":"https:\/\/www.intisoap.cl\/index.php?rest_route=%2Fwp%2Fv2%2Fcomments&post=317"}],"wp:featuredmedia":[{"embeddable":true,"href":"https:\/\/www.intisoap.cl\/index.php?rest_route=\/wp\/v2\/media\/319"}],"wp:attachment":[{"href":"https:\/\/www.intisoap.cl\/index.php?rest_route=%2Fwp%2Fv2%2Fmedia&parent=317"}],"wp:term":[{"taxonomy":"product_cat","embeddable":true,"href":"https:\/\/www.intisoap.cl\/index.php?rest_route=%2Fwp%2Fv2%2Fproduct_cat&post=317"},{"taxonomy":"product_tag","embeddable":true,"href":"https:\/\/www.intisoap.cl\/index.php?rest_route=%2Fwp%2Fv2%2Fproduct_tag&post=317"}],"curies":[{"name":"wp","href":"https:\/\/api.w.org\/{rel}","templated":true}]}}