{"id":312,"date":"2024-11-18T16:34:15","date_gmt":"2024-11-18T19:34:15","guid":{"rendered":"https:\/\/www.intisoap.cl\/?post_type=product&#038;p=312"},"modified":"2024-11-25T15:05:56","modified_gmt":"2024-11-25T18:05:56","slug":"cubos-triada-aromatica","status":"publish","type":"product","link":"https:\/\/www.intisoap.cl\/?product=cubos-triada-aromatica","title":{"rendered":"Cubos Tr\u00edada Arom\u00e1tica"},"content":{"rendered":"<p><strong>Jab\u00f3n Artesanal \u00abTr\u00edada Arom\u00e1tica\u00bb<\/strong><\/p>\n<p>Explora la armon\u00eda de los sentidos con nuestra barra de jab\u00f3n artesanal \u00abTr\u00edada Arom\u00e1tica\u00bb. Inspirado en la esencia de la frescura y la vitalidad, este jab\u00f3n presenta un dise\u00f1o vibrante que refleja la perfecta uni\u00f3n de simplicidad y elegancia. Con el refrescante y c\u00edtrico aroma del pomelo, \u00abTr\u00edada Arom\u00e1tica\u00bb revitaliza tus d\u00edas, dejando una sensaci\u00f3n de frescura duradera.<\/p>\n<p>Elaborado con aceites naturales que hidratan y suavizan la piel, su espuma rica y cremosa transforma cada uso en un ritual de energ\u00eda y bienestar. Cada barra es un homenaje a la frescura y el equilibrio arom\u00e1tico.<\/p>\n<p><strong>Ingredientes:<\/strong> Aceite de Coco, Aceite de Oliva, Aceite de Almendra Dulce, Aceite de Ricino, Aceite Esencial de Pomelo, Agua Destilada, Lej\u00eda (no presente en el producto final tras la saponificaci\u00f3n), Micas naturales para un dise\u00f1o seguro para la piel.<\/p>\n","protected":false},"excerpt":{"rendered":"<div class=\"flex max-w-full flex-col flex-grow\">\n<div class=\"min-h-8 text-message flex w-full flex-col items-end gap-2 whitespace-normal break-words [.text-message+&amp;]:mt-5\" dir=\"auto\" data-message-author-role=\"assistant\" data-message-id=\"37869ce2-0f2c-47e7-b946-e2e5a5705821\" data-message-model-slug=\"gpt-4o\">\n<div class=\"flex w-full flex-col gap-1 empty:hidden first:pt-[3px]\">\n<div class=\"markdown prose w-full break-words dark:prose-invert dark\">\n<p><strong>Jab\u00f3n Artesanal \u00abTr\u00edada Arom\u00e1tica\u00bb<\/strong><br \/>\nRevitaliza tus sentidos con \u00abTr\u00edada Arom\u00e1tica\u00bb, un jab\u00f3n artesanal con el fresco y c\u00edtrico aroma del pomelo. Sus ingredientes naturales nutren tu piel mientras llenan tu rutina de energ\u00eda y frescura.<\/p>\n<\/div>\n<\/div>\n<\/div>\n<\/div>\n","protected":false},"featured_media":315,"comment_status":"open","ping_status":"closed","template":"","meta":[],"product_cat":[15],"product_tag":[],"class_list":{"0":"post-312","1":"product","2":"type-product","3":"status-publish","4":"has-post-thumbnail","6":"product_cat-uncategorized","8":"first","9":"instock","10":"taxable","11":"shipping-taxable","12":"purchasable","13":"product-type-simple"},"jetpack_sharing_enabled":true,"_links":{"self":[{"href":"https:\/\/www.intisoap.cl\/index.php?rest_route=\/wp\/v2\/product\/312","targetHints":{"allow":["GET"]}}],"collection":[{"href":"https:\/\/www.intisoap.cl\/index.php?rest_route=\/wp\/v2\/product"}],"about":[{"href":"https:\/\/www.intisoap.cl\/index.php?rest_route=\/wp\/v2\/types\/product"}],"replies":[{"embeddable":true,"href":"https:\/\/www.intisoap.cl\/index.php?rest_route=%2Fwp%2Fv2%2Fcomments&post=312"}],"wp:featuredmedia":[{"embeddable":true,"href":"https:\/\/www.intisoap.cl\/index.php?rest_route=\/wp\/v2\/media\/315"}],"wp:attachment":[{"href":"https:\/\/www.intisoap.cl\/index.php?rest_route=%2Fwp%2Fv2%2Fmedia&parent=312"}],"wp:term":[{"taxonomy":"product_cat","embeddable":true,"href":"https:\/\/www.intisoap.cl\/index.php?rest_route=%2Fwp%2Fv2%2Fproduct_cat&post=312"},{"taxonomy":"product_tag","embeddable":true,"href":"https:\/\/www.intisoap.cl\/index.php?rest_route=%2Fwp%2Fv2%2Fproduct_tag&post=312"}],"curies":[{"name":"wp","href":"https:\/\/api.w.org\/{rel}","templated":true}]}}