{"id":300,"date":"2024-11-18T16:00:57","date_gmt":"2024-11-18T19:00:57","guid":{"rendered":"https:\/\/www.intisoap.cl\/?post_type=product&#038;p=300"},"modified":"2024-11-25T15:08:17","modified_gmt":"2024-11-25T18:08:17","slug":"fiesta-tropical","status":"publish","type":"product","link":"https:\/\/www.intisoap.cl\/?product=fiesta-tropical","title":{"rendered":"Fiesta Tropical"},"content":{"rendered":"<p><strong>Jab\u00f3n Artesanal \u00abFiesta Tropical\u00bb<\/strong><\/p>\n<p>Sum\u00e9rgete en una explosi\u00f3n de color y frescura con nuestra barra de jab\u00f3n artesanal \u00abFiesta Tropical\u00bb. Inspirado en la energ\u00eda vibrante de una celebraci\u00f3n en la naturaleza, su dise\u00f1o combina colores intensos y patrones \u00fanicos que evocan el esp\u00edritu festivo de los tr\u00f3picos. Con el refrescante aroma de eucaliptus y el toque c\u00edtrico del pomelo, \u00abFiesta Tropical\u00bb revitaliza los sentidos mientras ofrece una experiencia de frescura y bienestar.<\/p>\n<p>Elaborado con aceites naturales que cuidan y suavizan la piel, su espuma rica y cremosa transforma cada uso en un momento de alegr\u00eda y cuidado personal. Cada barra es un homenaje a la vitalidad y el encanto tropical.<\/p>\n<p><strong>Ingredientes:<\/strong> Aceite de Coco, Aceite de Oliva, Aceite de Almendra Dulce, Aceite de Ricino, Aceites Esenciales de Eucaliptus y Pomelo, Agua Destilada, Lej\u00eda (no presente en el producto final tras la saponificaci\u00f3n), Micas naturales para un dise\u00f1o seguro para la piel.<\/p>\n","protected":false},"excerpt":{"rendered":"<div class=\"flex max-w-full flex-col flex-grow\">\n<div class=\"min-h-8 text-message flex w-full flex-col items-end gap-2 whitespace-normal break-words [.text-message+&amp;]:mt-5\" dir=\"auto\" data-message-author-role=\"assistant\" data-message-id=\"4b0466f3-8670-4c39-ad0b-8ee5c7c1be33\" data-message-model-slug=\"gpt-4o\">\n<div class=\"flex w-full flex-col gap-1 empty:hidden first:pt-[3px]\">\n<div class=\"markdown prose w-full break-words dark:prose-invert dark\">\n<p><strong>Jab\u00f3n Artesanal \u00abFiesta Tropical\u00bb<\/strong><br \/>\nLlena tu rutina de frescura y energ\u00eda con \u00abFiesta Tropical\u00bb, un jab\u00f3n artesanal con vibrantes colores y el aroma revitalizante de eucaliptus y pomelo. Sus ingredientes naturales nutren tu piel mientras despiertan tus sentidos.<\/p>\n<\/div>\n<\/div>\n<\/div>\n<\/div>\n","protected":false},"featured_media":301,"comment_status":"open","ping_status":"closed","template":"","meta":[],"product_cat":[15],"product_tag":[],"class_list":{"0":"post-300","1":"product","2":"type-product","3":"status-publish","4":"has-post-thumbnail","6":"product_cat-uncategorized","8":"first","9":"instock","10":"taxable","11":"shipping-taxable","12":"purchasable","13":"product-type-simple"},"jetpack_sharing_enabled":true,"_links":{"self":[{"href":"https:\/\/www.intisoap.cl\/index.php?rest_route=\/wp\/v2\/product\/300","targetHints":{"allow":["GET"]}}],"collection":[{"href":"https:\/\/www.intisoap.cl\/index.php?rest_route=\/wp\/v2\/product"}],"about":[{"href":"https:\/\/www.intisoap.cl\/index.php?rest_route=\/wp\/v2\/types\/product"}],"replies":[{"embeddable":true,"href":"https:\/\/www.intisoap.cl\/index.php?rest_route=%2Fwp%2Fv2%2Fcomments&post=300"}],"wp:featuredmedia":[{"embeddable":true,"href":"https:\/\/www.intisoap.cl\/index.php?rest_route=\/wp\/v2\/media\/301"}],"wp:attachment":[{"href":"https:\/\/www.intisoap.cl\/index.php?rest_route=%2Fwp%2Fv2%2Fmedia&parent=300"}],"wp:term":[{"taxonomy":"product_cat","embeddable":true,"href":"https:\/\/www.intisoap.cl\/index.php?rest_route=%2Fwp%2Fv2%2Fproduct_cat&post=300"},{"taxonomy":"product_tag","embeddable":true,"href":"https:\/\/www.intisoap.cl\/index.php?rest_route=%2Fwp%2Fv2%2Fproduct_tag&post=300"}],"curies":[{"name":"wp","href":"https:\/\/api.w.org\/{rel}","templated":true}]}}