{"id":291,"date":"2024-11-18T15:50:07","date_gmt":"2024-11-18T18:50:07","guid":{"rendered":"https:\/\/www.intisoap.cl\/?post_type=product&#038;p=291"},"modified":"2024-11-25T15:09:50","modified_gmt":"2024-11-25T18:09:50","slug":"nocturna-urbana","status":"publish","type":"product","link":"https:\/\/www.intisoap.cl\/?product=nocturna-urbana","title":{"rendered":"Nocturna Urbana"},"content":{"rendered":"<p><strong>Jab\u00f3n Artesanal \u00abNocturna Urbana\u00bb<\/strong><\/p>\n<p>Ad\u00e9ntrate en el misterio y la sofisticaci\u00f3n de la noche con nuestra barra de jab\u00f3n artesanal \u00abNocturna Urbana\u00bb. Inspirado en el encanto de la ciudad iluminada bajo el cielo estrellado, su dise\u00f1o refleja la elegancia y la energ\u00eda de las noches urbanas. Con el refrescante y purificante aroma del Tea Tree, \u00abNocturna Urbana\u00bb ofrece una experiencia sensorial que revitaliza y equilibra.<\/p>\n<p>Elaborado con aceites naturales que cuidan y suavizan la piel, su espuma rica y cremosa transforma tu rutina en un momento de frescura y bienestar. Cada barra es un tributo a la vitalidad y el encanto de la vida nocturna.<\/p>\n<p><strong>Ingredientes:<\/strong> Aceite de Coco, Aceite de Oliva, Aceite de Almendra Dulce, Aceite de Ricino, Aceite Esencial de Tea Tree, Agua Destilada, Lej\u00eda (no presente en el producto final tras la saponificaci\u00f3n), Micas naturales para un dise\u00f1o seguro para la piel.<\/p>\n","protected":false},"excerpt":{"rendered":"<p><strong>Jab\u00f3n Artesanal \u00abNocturna Urbana\u00bb<\/strong><br \/>\nInspirado en la elegancia de la ciudad por la noche, este jab\u00f3n combina un dise\u00f1o sofisticado con el aroma fresco y purificante del Tea Tree. Sus ingredientes naturales cuidan tu piel, ofreciendo una experiencia revitalizante en cada uso.<\/p>\n","protected":false},"featured_media":294,"comment_status":"open","ping_status":"closed","template":"","meta":[],"product_cat":[15],"product_tag":[],"class_list":{"0":"post-291","1":"product","2":"type-product","3":"status-publish","4":"has-post-thumbnail","6":"product_cat-uncategorized","8":"first","9":"instock","10":"taxable","11":"shipping-taxable","12":"purchasable","13":"product-type-simple"},"jetpack_sharing_enabled":true,"_links":{"self":[{"href":"https:\/\/www.intisoap.cl\/index.php?rest_route=\/wp\/v2\/product\/291","targetHints":{"allow":["GET"]}}],"collection":[{"href":"https:\/\/www.intisoap.cl\/index.php?rest_route=\/wp\/v2\/product"}],"about":[{"href":"https:\/\/www.intisoap.cl\/index.php?rest_route=\/wp\/v2\/types\/product"}],"replies":[{"embeddable":true,"href":"https:\/\/www.intisoap.cl\/index.php?rest_route=%2Fwp%2Fv2%2Fcomments&post=291"}],"wp:featuredmedia":[{"embeddable":true,"href":"https:\/\/www.intisoap.cl\/index.php?rest_route=\/wp\/v2\/media\/294"}],"wp:attachment":[{"href":"https:\/\/www.intisoap.cl\/index.php?rest_route=%2Fwp%2Fv2%2Fmedia&parent=291"}],"wp:term":[{"taxonomy":"product_cat","embeddable":true,"href":"https:\/\/www.intisoap.cl\/index.php?rest_route=%2Fwp%2Fv2%2Fproduct_cat&post=291"},{"taxonomy":"product_tag","embeddable":true,"href":"https:\/\/www.intisoap.cl\/index.php?rest_route=%2Fwp%2Fv2%2Fproduct_tag&post=291"}],"curies":[{"name":"wp","href":"https:\/\/api.w.org\/{rel}","templated":true}]}}