{"id":287,"date":"2024-11-18T15:43:28","date_gmt":"2024-11-18T18:43:28","guid":{"rendered":"https:\/\/www.intisoap.cl\/?post_type=product&#038;p=287"},"modified":"2024-11-25T15:46:31","modified_gmt":"2024-11-25T18:46:31","slug":"atardecer-en-la-playa","status":"publish","type":"product","link":"https:\/\/www.intisoap.cl\/?product=atardecer-en-la-playa","title":{"rendered":"Atardecer en la Playa"},"content":{"rendered":"<p><strong>Jab\u00f3n Artesanal \u00abAtardecer en la Playa\u00bb<\/strong><\/p>\n<p>D\u00e9jate envolver por la frescura y vitalidad del \u00abAtardecer en la Playa\u00bb, un jab\u00f3n artesanal que captura la esencia de una puesta de sol junto al mar. Inspirado en los colores y la serenidad del horizonte costero, su dise\u00f1o evoca la tranquilidad de los atardeceres veraniegos. Con el refrescante aroma del eucalipto y el toque c\u00edtrico del pomelo, \u00abAtardecer en la Playa\u00bb ofrece una experiencia revitalizante que despierta los sentidos y renueva la energ\u00eda.<\/p>\n<p>Elaborado con aceites naturales que cuidan e hidratan tu piel, su espuma suave y cremosa convierte cada uso en un momento de frescura y relajaci\u00f3n. Cada barra es un homenaje a la belleza y paz de la naturaleza costera.<\/p>\n<p><strong>Ingredientes:<\/strong> Aceite de Coco, Aceite de Oliva, Aceite de Almendra Dulce, Aceite de Ricino, Aceites Esenciales de Eucalipto y Pomelo, Agua Destilada, Lej\u00eda (no presente en el producto final tras la saponificaci\u00f3n), Micas naturales para un dise\u00f1o seguro para la piel.<\/p>\n","protected":false},"excerpt":{"rendered":"<div class=\"flex max-w-full flex-col flex-grow\">\n<div class=\"min-h-8 text-message flex w-full flex-col items-end gap-2 whitespace-normal break-words [.text-message+&amp;]:mt-5\" dir=\"auto\" data-message-author-role=\"assistant\" data-message-id=\"13be4f34-5db8-4f10-8a2a-c296ef746485\" data-message-model-slug=\"gpt-4o\">\n<div class=\"flex w-full flex-col gap-1 empty:hidden first:pt-[3px]\">\n<div class=\"markdown prose w-full break-words dark:prose-invert dark\">\n<p><strong>Jab\u00f3n Artesanal \u00abAtardecer en la Playa\u00bb<\/strong><br \/>\nRevive la magia de los atardeceres costeros con el \u00abAtardecer en la Playa\u00bb. Su aroma refrescante de eucalipto y pomelo despierta los sentidos, mientras sus ingredientes naturales hidratan y cuidan tu piel, brind\u00e1ndote una experiencia revitalizante en cada uso.<\/p>\n<\/div>\n<\/div>\n<\/div>\n<\/div>\n<div class=\"mb-2 flex gap-3 empty:hidden -ml-2\">\n<div class=\"items-center justify-start rounded-xl p-1 flex\">\n<div class=\"flex items-center\">\n<div class=\"flex\"><\/div>\n<div class=\"flex items-center pb-0\"><\/div>\n<\/div>\n<\/div>\n<\/div>\n","protected":false},"featured_media":288,"comment_status":"open","ping_status":"closed","template":"","meta":[],"product_cat":[15],"product_tag":[],"class_list":{"0":"post-287","1":"product","2":"type-product","3":"status-publish","4":"has-post-thumbnail","6":"product_cat-uncategorized","8":"first","9":"instock","10":"taxable","11":"shipping-taxable","12":"purchasable","13":"product-type-simple"},"jetpack_sharing_enabled":true,"_links":{"self":[{"href":"https:\/\/www.intisoap.cl\/index.php?rest_route=\/wp\/v2\/product\/287","targetHints":{"allow":["GET"]}}],"collection":[{"href":"https:\/\/www.intisoap.cl\/index.php?rest_route=\/wp\/v2\/product"}],"about":[{"href":"https:\/\/www.intisoap.cl\/index.php?rest_route=\/wp\/v2\/types\/product"}],"replies":[{"embeddable":true,"href":"https:\/\/www.intisoap.cl\/index.php?rest_route=%2Fwp%2Fv2%2Fcomments&post=287"}],"wp:featuredmedia":[{"embeddable":true,"href":"https:\/\/www.intisoap.cl\/index.php?rest_route=\/wp\/v2\/media\/288"}],"wp:attachment":[{"href":"https:\/\/www.intisoap.cl\/index.php?rest_route=%2Fwp%2Fv2%2Fmedia&parent=287"}],"wp:term":[{"taxonomy":"product_cat","embeddable":true,"href":"https:\/\/www.intisoap.cl\/index.php?rest_route=%2Fwp%2Fv2%2Fproduct_cat&post=287"},{"taxonomy":"product_tag","embeddable":true,"href":"https:\/\/www.intisoap.cl\/index.php?rest_route=%2Fwp%2Fv2%2Fproduct_tag&post=287"}],"curies":[{"name":"wp","href":"https:\/\/api.w.org\/{rel}","templated":true}]}}