{"id":278,"date":"2024-11-18T15:33:01","date_gmt":"2024-11-18T18:33:01","guid":{"rendered":"https:\/\/www.intisoap.cl\/?post_type=product&#038;p=278"},"modified":"2024-11-18T15:33:01","modified_gmt":"2024-11-18T18:33:01","slug":"pascuero","status":"publish","type":"product","link":"https:\/\/www.intisoap.cl\/?product=pascuero","title":{"rendered":"Pascuero"},"content":{"rendered":"<div class=\"flex max-w-full flex-col flex-grow\">\n<div class=\"min-h-8 text-message flex w-full flex-col items-end gap-2 whitespace-normal break-words [.text-message+&amp;]:mt-5\" dir=\"auto\" data-message-author-role=\"assistant\" data-message-id=\"a086e097-ada6-4424-a5cc-48e73089b20f\" data-message-model-slug=\"gpt-4o\">\n<div class=\"flex w-full flex-col gap-1 empty:hidden first:pt-[3px]\">\n<div class=\"markdown prose w-full break-words dark:prose-invert dark\">\n<p><strong>Jab\u00f3n Artesanal \u00abPascuero\u00bb<\/strong><\/p>\n<p>Celebra la magia de la Navidad con nuestra barra de jab\u00f3n artesanal \u00abPascuero\u00bb. Inspirado en el esp\u00edritu festivo de estas fechas, su dise\u00f1o evoca la calidez y la elegancia de las flores navide\u00f1as. Con la delicada combinaci\u00f3n del aroma floral de jazm\u00edn y rosas, \u00abPascuero\u00bb envuelve tus sentidos en una experiencia \u00fanica de frescura y serenidad, perfecta para esta temporada especial.<\/p>\n<p>Elaborado con aceites naturales que hidratan y cuidan tu piel, su espuma suave y cremosa transforma tu rutina en un ritual de lujo y celebraci\u00f3n. Cada barra es un homenaje a la belleza y armon\u00eda de la Navidad.<\/p>\n<p><strong>Ingredientes:<\/strong> Aceite de Coco, Aceite de Oliva, Aceite de Almendra Dulce, Aceite de Ricino, Aceites Esenciales de Jazm\u00edn y Rosas, Agua Destilada, Lej\u00eda (no presente en el producto final tras la saponificaci\u00f3n), Micas naturales para un dise\u00f1o seguro para la piel.<\/p>\n<\/div>\n<\/div>\n<\/div>\n<\/div>\n","protected":false},"excerpt":{"rendered":"<p><strong>Jab\u00f3n Artesanal \u00abPascuero\u00bb<\/strong><br \/>\nLlena tu Navidad de elegancia y frescura con el \u00abPascuero\u00bb, un jab\u00f3n artesanal con el delicado aroma floral de jazm\u00edn y rosas. Su dise\u00f1o festivo y sus ingredientes naturales nutren tu piel mientras celebras la magia de la temporada.<\/p>\n","protected":false},"featured_media":283,"comment_status":"open","ping_status":"closed","template":"","meta":[],"product_cat":[15],"product_tag":[],"class_list":{"0":"post-278","1":"product","2":"type-product","3":"status-publish","4":"has-post-thumbnail","6":"product_cat-uncategorized","8":"first","9":"instock","10":"taxable","11":"shipping-taxable","12":"purchasable","13":"product-type-simple"},"jetpack_sharing_enabled":true,"_links":{"self":[{"href":"https:\/\/www.intisoap.cl\/index.php?rest_route=\/wp\/v2\/product\/278","targetHints":{"allow":["GET"]}}],"collection":[{"href":"https:\/\/www.intisoap.cl\/index.php?rest_route=\/wp\/v2\/product"}],"about":[{"href":"https:\/\/www.intisoap.cl\/index.php?rest_route=\/wp\/v2\/types\/product"}],"replies":[{"embeddable":true,"href":"https:\/\/www.intisoap.cl\/index.php?rest_route=%2Fwp%2Fv2%2Fcomments&post=278"}],"wp:featuredmedia":[{"embeddable":true,"href":"https:\/\/www.intisoap.cl\/index.php?rest_route=\/wp\/v2\/media\/283"}],"wp:attachment":[{"href":"https:\/\/www.intisoap.cl\/index.php?rest_route=%2Fwp%2Fv2%2Fmedia&parent=278"}],"wp:term":[{"taxonomy":"product_cat","embeddable":true,"href":"https:\/\/www.intisoap.cl\/index.php?rest_route=%2Fwp%2Fv2%2Fproduct_cat&post=278"},{"taxonomy":"product_tag","embeddable":true,"href":"https:\/\/www.intisoap.cl\/index.php?rest_route=%2Fwp%2Fv2%2Fproduct_tag&post=278"}],"curies":[{"name":"wp","href":"https:\/\/api.w.org\/{rel}","templated":true}]}}