{"id":274,"date":"2024-11-18T15:28:18","date_gmt":"2024-11-18T18:28:18","guid":{"rendered":"https:\/\/www.intisoap.cl\/?post_type=product&#038;p=274"},"modified":"2024-11-18T15:28:18","modified_gmt":"2024-11-18T18:28:18","slug":"san-pedro-de-atacama","status":"publish","type":"product","link":"https:\/\/www.intisoap.cl\/?product=san-pedro-de-atacama","title":{"rendered":"San Pedro de Atacama"},"content":{"rendered":"<div class=\"flex max-w-full flex-col flex-grow\">\n<div class=\"min-h-8 text-message flex w-full flex-col items-end gap-2 whitespace-normal break-words [.text-message+&amp;]:mt-5\" dir=\"auto\" data-message-author-role=\"assistant\" data-message-id=\"8e1db9fa-5e69-4974-b7ea-1cbecf943648\" data-message-model-slug=\"gpt-4o\">\n<div class=\"flex w-full flex-col gap-1 empty:hidden first:pt-[3px]\">\n<div class=\"markdown prose w-full break-words dark:prose-invert dark\">\n<p><strong>Jab\u00f3n Artesanal \u00abSan Pedro de Atacama\u00bb<\/strong><\/p>\n<p>Emb\u00e1rcate en un viaje a los m\u00e1gicos paisajes del desierto con nuestra barra de jab\u00f3n artesanal \u00abSan Pedro de Atacama\u00bb. Inspirado en la serenidad y la majestuosidad de este rinc\u00f3n \u00fanico del mundo, su dise\u00f1o evoca los colores c\u00e1lidos y dorados del atardecer en el desierto. Con la armoniosa combinaci\u00f3n del relajante aroma a lavanda y el toque amaderado del s\u00e1ndalo, este jab\u00f3n ofrece una experiencia sensorial que calma la mente y revitaliza el esp\u00edritu.<\/p>\n<p>Elaborado con aceites naturales que hidratan y cuidan tu piel, \u00abSan Pedro de Atacama\u00bb transforma tu rutina en un momento de conexi\u00f3n con la naturaleza. Cada barra es un homenaje al encanto y la tranquilidad de este destino m\u00e1gico.<\/p>\n<p><strong>Ingredientes:<\/strong> Aceite de Coco, Aceite de Oliva, Aceite de Almendra Dulce, Aceite de Ricino, Aceites Esenciales de Lavanda y S\u00e1ndalo, Agua Destilada, Lej\u00eda (no presente en el producto final tras la saponificaci\u00f3n), Micas naturales para un dise\u00f1o seguro para la piel.<\/p>\n<\/div>\n<\/div>\n<\/div>\n<\/div>\n","protected":false},"excerpt":{"rendered":"<div class=\"flex max-w-full flex-col flex-grow\">\n<div class=\"min-h-8 text-message flex w-full flex-col items-end gap-2 whitespace-normal break-words [.text-message+&amp;]:mt-5\" dir=\"auto\" data-message-author-role=\"assistant\" data-message-id=\"86a8f95f-b740-4e7b-9717-ff3823fb2fbb\" data-message-model-slug=\"gpt-4o\">\n<div class=\"flex w-full flex-col gap-1 empty:hidden first:pt-[3px]\">\n<div class=\"markdown prose w-full break-words dark:prose-invert dark\">\n<p><strong>Jab\u00f3n Artesanal \u00abSan Pedro de Atacama\u00bb<\/strong><br \/>\nInspirado en la tranquilidad del desierto, este jab\u00f3n combina los aromas relajantes de la lavanda y el s\u00e1ndalo con un dise\u00f1o que evoca los m\u00e1gicos atardeceres de San Pedro de Atacama. Elaborado con aceites naturales, nutre y cuida tu piel mientras te conecta con la serenidad de la naturaleza.<\/p>\n<\/div>\n<\/div>\n<\/div>\n<\/div>\n","protected":false},"featured_media":275,"comment_status":"open","ping_status":"closed","template":"","meta":[],"product_cat":[15],"product_tag":[],"class_list":{"0":"post-274","1":"product","2":"type-product","3":"status-publish","4":"has-post-thumbnail","6":"product_cat-uncategorized","8":"first","9":"instock","10":"taxable","11":"shipping-taxable","12":"purchasable","13":"product-type-simple"},"jetpack_sharing_enabled":true,"_links":{"self":[{"href":"https:\/\/www.intisoap.cl\/index.php?rest_route=\/wp\/v2\/product\/274","targetHints":{"allow":["GET"]}}],"collection":[{"href":"https:\/\/www.intisoap.cl\/index.php?rest_route=\/wp\/v2\/product"}],"about":[{"href":"https:\/\/www.intisoap.cl\/index.php?rest_route=\/wp\/v2\/types\/product"}],"replies":[{"embeddable":true,"href":"https:\/\/www.intisoap.cl\/index.php?rest_route=%2Fwp%2Fv2%2Fcomments&post=274"}],"wp:featuredmedia":[{"embeddable":true,"href":"https:\/\/www.intisoap.cl\/index.php?rest_route=\/wp\/v2\/media\/275"}],"wp:attachment":[{"href":"https:\/\/www.intisoap.cl\/index.php?rest_route=%2Fwp%2Fv2%2Fmedia&parent=274"}],"wp:term":[{"taxonomy":"product_cat","embeddable":true,"href":"https:\/\/www.intisoap.cl\/index.php?rest_route=%2Fwp%2Fv2%2Fproduct_cat&post=274"},{"taxonomy":"product_tag","embeddable":true,"href":"https:\/\/www.intisoap.cl\/index.php?rest_route=%2Fwp%2Fv2%2Fproduct_tag&post=274"}],"curies":[{"name":"wp","href":"https:\/\/api.w.org\/{rel}","templated":true}]}}