{"id":268,"date":"2024-11-18T15:21:47","date_gmt":"2024-11-18T18:21:47","guid":{"rendered":"https:\/\/www.intisoap.cl\/?post_type=product&#038;p=268"},"modified":"2024-11-18T15:21:47","modified_gmt":"2024-11-18T18:21:47","slug":"leopardo-de-sandalo","status":"publish","type":"product","link":"https:\/\/www.intisoap.cl\/?product=leopardo-de-sandalo","title":{"rendered":"Leopardo de S\u00e1ndalo"},"content":{"rendered":"<p><strong>Jab\u00f3n Artesanal \u00abLeopardo de S\u00e1ndalo\u00bb<\/strong><\/p>\n<p>D\u00e9jate seducir por la fuerza y la elegancia salvaje del \u00abLeopardo de S\u00e1ndalo\u00bb, un jab\u00f3n artesanal dise\u00f1ado para quienes buscan conectar con su lado m\u00e1s audaz y sofisticado. Inspirado en la majestuosidad del leopardo, este jab\u00f3n presenta patrones \u00fanicos que evocan su piel y simbolizan el equilibrio entre poder y gracia. Su aroma c\u00e1lido y amaderado a s\u00e1ndalo envuelve los sentidos, brindando una experiencia de calma y revitalizaci\u00f3n en cada uso.<\/p>\n<p>Elaborado con aceites naturales que hidratan profundamente y cuidan tu piel, \u00abLeopardo de S\u00e1ndalo\u00bb no solo limpia, sino que transforma tu rutina en un ritual de lujo y cuidado personal. Cada barra es un tributo al esp\u00edritu libre y la conexi\u00f3n con la naturaleza.<\/p>\n<p><strong>Ingredientes:<\/strong> Aceite de Coco, Aceite de Oliva, Aceite de Almendra Dulce, Aceite de Ricino, Aceite Esencial de S\u00e1ndalo, Agua Destilada, Lej\u00eda (no presente en el producto final tras la saponificaci\u00f3n), Micas naturales para un dise\u00f1o impactante y seguro para la piel.<\/p>\n","protected":false},"excerpt":{"rendered":"<div class=\"flex max-w-full flex-col flex-grow\">\n<div class=\"min-h-8 text-message flex w-full flex-col items-end gap-2 whitespace-normal break-words [.text-message+&amp;]:mt-5\" dir=\"auto\" data-message-author-role=\"assistant\" data-message-id=\"fe87c8c1-804c-4559-be24-29cd371209c9\" data-message-model-slug=\"gpt-4o\">\n<div class=\"flex w-full flex-col gap-1 empty:hidden first:pt-[3px]\">\n<div class=\"markdown prose w-full break-words dark:prose-invert dark\">\n<p><strong>Jab\u00f3n Artesanal \u00abLeopardo de S\u00e1ndalo\u00bb<\/strong><br \/>\nUna mezcla perfecta de elegancia y fuerza, este jab\u00f3n combina un dise\u00f1o inspirado en el leopardo con el c\u00e1lido aroma del s\u00e1ndalo. Elaborado con aceites naturales, hidrata y cuida tu piel mientras transforma tu rutina diaria en un ritual de lujo y conexi\u00f3n con la naturaleza.<\/p>\n<\/div>\n<\/div>\n<\/div>\n<\/div>\n","protected":false},"featured_media":271,"comment_status":"open","ping_status":"closed","template":"","meta":[],"product_cat":[15],"product_tag":[],"class_list":{"0":"post-268","1":"product","2":"type-product","3":"status-publish","4":"has-post-thumbnail","6":"product_cat-uncategorized","8":"first","9":"instock","10":"taxable","11":"shipping-taxable","12":"purchasable","13":"product-type-simple"},"jetpack_sharing_enabled":true,"_links":{"self":[{"href":"https:\/\/www.intisoap.cl\/index.php?rest_route=\/wp\/v2\/product\/268","targetHints":{"allow":["GET"]}}],"collection":[{"href":"https:\/\/www.intisoap.cl\/index.php?rest_route=\/wp\/v2\/product"}],"about":[{"href":"https:\/\/www.intisoap.cl\/index.php?rest_route=\/wp\/v2\/types\/product"}],"replies":[{"embeddable":true,"href":"https:\/\/www.intisoap.cl\/index.php?rest_route=%2Fwp%2Fv2%2Fcomments&post=268"}],"wp:featuredmedia":[{"embeddable":true,"href":"https:\/\/www.intisoap.cl\/index.php?rest_route=\/wp\/v2\/media\/271"}],"wp:attachment":[{"href":"https:\/\/www.intisoap.cl\/index.php?rest_route=%2Fwp%2Fv2%2Fmedia&parent=268"}],"wp:term":[{"taxonomy":"product_cat","embeddable":true,"href":"https:\/\/www.intisoap.cl\/index.php?rest_route=%2Fwp%2Fv2%2Fproduct_cat&post=268"},{"taxonomy":"product_tag","embeddable":true,"href":"https:\/\/www.intisoap.cl\/index.php?rest_route=%2Fwp%2Fv2%2Fproduct_tag&post=268"}],"curies":[{"name":"wp","href":"https:\/\/api.w.org\/{rel}","templated":true}]}}