{"id":256,"date":"2024-11-12T14:36:53","date_gmt":"2024-11-12T17:36:53","guid":{"rendered":"https:\/\/www.intisoap.cl\/?post_type=product&#038;p=256"},"modified":"2024-11-12T14:36:53","modified_gmt":"2024-11-12T17:36:53","slug":"leopardo-cosmico","status":"publish","type":"product","link":"https:\/\/www.intisoap.cl\/?product=leopardo-cosmico","title":{"rendered":"Leopardo C\u00f3smico"},"content":{"rendered":"<p><strong>Jab\u00f3n Artesanal \u00abLeopardo C\u00f3smico\u00bb<\/strong><\/p>\n<p>Atr\u00e9vete a experimentar un ba\u00f1o c\u00f3smico con nuestro jab\u00f3n artesanal \u00abLeopardo C\u00f3smico\u00bb. Inspirado en la energ\u00eda ex\u00f3tica y m\u00edstica del universo, esta barra combina el cautivador aroma floral de ylang-ylang con propiedades hidratantes de Aceite de Oliva y la suavidad cremosa del Aceite de Coco. El Aceite de Ricino aporta una espuma rica y aterciopelada que envuelve la piel en lujo, mientras que los tonos vibrantes de este jab\u00f3n evocan patrones c\u00f3smicos y salvajes. Disfruta de una experiencia de ba\u00f1o \u00fanica que revitaliza el cuerpo y despierta los sentidos.<\/p>\n<p><strong>Ingredientes:<\/strong> Aceite de Coco, Aceite de Oliva, Aceite de Ricino, Fragancia de Ylang-Ylang, Agua Destilada, Lej\u00eda (desaparece tras la saponificaci\u00f3n), Micas para colores seguros y vibrantes.<\/p>\n","protected":false},"excerpt":{"rendered":"<p><strong>Jab\u00f3n Artesanal \u00abLeopardo C\u00f3smico\u00bb<\/strong><\/p>\n<p>Despierta tus sentidos con el ex\u00f3tico aroma de ylang-ylang en nuestro \u00abLeopardo C\u00f3smico\u00bb. Este jab\u00f3n artesanal, inspirado en patrones c\u00f3smicos y salvajes, hidrata y suaviza la piel, brind\u00e1ndote una experiencia de ba\u00f1o \u00fanica y vibrante.<\/p>\n","protected":false},"featured_media":259,"comment_status":"open","ping_status":"closed","template":"","meta":[],"product_cat":[15],"product_tag":[],"class_list":{"0":"post-256","1":"product","2":"type-product","3":"status-publish","4":"has-post-thumbnail","6":"product_cat-uncategorized","8":"first","9":"instock","10":"taxable","11":"shipping-taxable","12":"purchasable","13":"product-type-simple"},"jetpack_sharing_enabled":true,"_links":{"self":[{"href":"https:\/\/www.intisoap.cl\/index.php?rest_route=\/wp\/v2\/product\/256","targetHints":{"allow":["GET"]}}],"collection":[{"href":"https:\/\/www.intisoap.cl\/index.php?rest_route=\/wp\/v2\/product"}],"about":[{"href":"https:\/\/www.intisoap.cl\/index.php?rest_route=\/wp\/v2\/types\/product"}],"replies":[{"embeddable":true,"href":"https:\/\/www.intisoap.cl\/index.php?rest_route=%2Fwp%2Fv2%2Fcomments&post=256"}],"wp:featuredmedia":[{"embeddable":true,"href":"https:\/\/www.intisoap.cl\/index.php?rest_route=\/wp\/v2\/media\/259"}],"wp:attachment":[{"href":"https:\/\/www.intisoap.cl\/index.php?rest_route=%2Fwp%2Fv2%2Fmedia&parent=256"}],"wp:term":[{"taxonomy":"product_cat","embeddable":true,"href":"https:\/\/www.intisoap.cl\/index.php?rest_route=%2Fwp%2Fv2%2Fproduct_cat&post=256"},{"taxonomy":"product_tag","embeddable":true,"href":"https:\/\/www.intisoap.cl\/index.php?rest_route=%2Fwp%2Fv2%2Fproduct_tag&post=256"}],"curies":[{"name":"wp","href":"https:\/\/api.w.org\/{rel}","templated":true}]}}