{"id":243,"date":"2024-11-12T14:27:31","date_gmt":"2024-11-12T17:27:31","guid":{"rendered":"https:\/\/www.intisoap.cl\/?post_type=product&#038;p=243"},"modified":"2024-11-12T14:27:31","modified_gmt":"2024-11-12T17:27:31","slug":"cubos-de-noel","status":"publish","type":"product","link":"https:\/\/www.intisoap.cl\/?product=cubos-de-noel","title":{"rendered":"Cubos de Noel"},"content":{"rendered":"<p><strong>Jab\u00f3n Artesanal \u00abCubos de Noel\u00bb<\/strong><br \/>\nVive el esp\u00edritu fresco y natural de la Navidad con nuestros jabones \u00abCubos de Noel\u00bb. Estos cubos navide\u00f1os, elaborados artesanalmente y decorados con una cuerda de yute, est\u00e1n pensados para colgarse en la ducha, a\u00f1adiendo un toque r\u00fastico y elegante a tu ba\u00f1o. Con un aroma revitalizante a eucalipto, estos jabones evocan la frescura de los bosques invernales, ofreciendo una experiencia arom\u00e1tica que te envuelve en serenidad y frescura. La combinaci\u00f3n de Aceite de Oliva y Aceite de Coco aporta hidrataci\u00f3n y suavidad, mientras que el Aceite de Ricino crea una espuma cremosa que acaricia la piel. Perfecto para regalar o disfrutar en esta temporada navide\u00f1a.<\/p>\n<p><strong>Ingredientes:<\/strong> Aceite de Coco, Aceite de Oliva, Aceite de Ricino, Fragancia de Eucalipto, Agua Destilada, Lej\u00eda (ausente en el producto final tras la saponificaci\u00f3n), Micas como colorantes naturales seguros para la piel.<\/p>\n","protected":false},"excerpt":{"rendered":"<div class=\"flex-shrink-0 flex flex-col relative items-end\">\n<div>\n<div class=\"pt-0\">\n<div class=\"gizmo-bot-avatar flex h-8 w-8 items-center justify-center overflow-hidden rounded-full\">\n<div class=\"relative p-1 rounded-sm flex items-center justify-center bg-token-main-surface-primary text-token-text-primary h-8 w-8\"><\/div>\n<\/div>\n<\/div>\n<\/div>\n<\/div>\n<div class=\"group\/conversation-turn relative flex w-full min-w-0 flex-col agent-turn\">\n<div class=\"flex-col gap-1 md:gap-3\">\n<div class=\"flex max-w-full flex-col flex-grow\">\n<div class=\"min-h-8 text-message flex w-full flex-col items-end gap-2 whitespace-normal break-words [.text-message+&amp;]:mt-5\" dir=\"auto\" data-message-author-role=\"assistant\" data-message-id=\"462d4844-79ac-4714-a599-527f0a513289\" data-message-model-slug=\"gpt-4o\">\n<div class=\"flex w-full flex-col gap-1 empty:hidden first:pt-[3px]\">\n<div class=\"markdown prose w-full break-words dark:prose-invert dark\">\n<p><strong>Jab\u00f3n Artesanal \u00abCubos de Noel\u00bb<\/strong><\/p>\n<p>Disfruta de la Navidad con nuestros \u00abCubos de Noel\u00bb, jabones artesanales de aroma a eucalipto, dise\u00f1ados para colgarse con una cuerda de yute. Su fragancia fresca y su espuma cremosa te envuelven en la serenidad de los bosques invernales, brindando hidrataci\u00f3n y suavidad en cada uso. Perfecto para un toque navide\u00f1o en tu rutina diaria.<\/p>\n<\/div>\n<\/div>\n<\/div>\n<\/div>\n<\/div>\n<\/div>\n","protected":false},"featured_media":244,"comment_status":"open","ping_status":"closed","template":"","meta":[],"product_cat":[15],"product_tag":[],"class_list":{"0":"post-243","1":"product","2":"type-product","3":"status-publish","4":"has-post-thumbnail","6":"product_cat-uncategorized","8":"first","9":"instock","10":"taxable","11":"shipping-taxable","12":"purchasable","13":"product-type-simple"},"jetpack_sharing_enabled":true,"_links":{"self":[{"href":"https:\/\/www.intisoap.cl\/index.php?rest_route=\/wp\/v2\/product\/243","targetHints":{"allow":["GET"]}}],"collection":[{"href":"https:\/\/www.intisoap.cl\/index.php?rest_route=\/wp\/v2\/product"}],"about":[{"href":"https:\/\/www.intisoap.cl\/index.php?rest_route=\/wp\/v2\/types\/product"}],"replies":[{"embeddable":true,"href":"https:\/\/www.intisoap.cl\/index.php?rest_route=%2Fwp%2Fv2%2Fcomments&post=243"}],"wp:featuredmedia":[{"embeddable":true,"href":"https:\/\/www.intisoap.cl\/index.php?rest_route=\/wp\/v2\/media\/244"}],"wp:attachment":[{"href":"https:\/\/www.intisoap.cl\/index.php?rest_route=%2Fwp%2Fv2%2Fmedia&parent=243"}],"wp:term":[{"taxonomy":"product_cat","embeddable":true,"href":"https:\/\/www.intisoap.cl\/index.php?rest_route=%2Fwp%2Fv2%2Fproduct_cat&post=243"},{"taxonomy":"product_tag","embeddable":true,"href":"https:\/\/www.intisoap.cl\/index.php?rest_route=%2Fwp%2Fv2%2Fproduct_tag&post=243"}],"curies":[{"name":"wp","href":"https:\/\/api.w.org\/{rel}","templated":true}]}}