{"id":237,"date":"2024-11-12T14:12:50","date_gmt":"2024-11-12T17:12:50","guid":{"rendered":"https:\/\/www.intisoap.cl\/?post_type=product&#038;p=237"},"modified":"2024-11-12T14:12:50","modified_gmt":"2024-11-12T17:12:50","slug":"selva-negra","status":"publish","type":"product","link":"https:\/\/www.intisoap.cl\/?product=selva-negra","title":{"rendered":"Selva Negra"},"content":{"rendered":"<p><strong>Jab\u00f3n Artesanal \u00abSelva Negra\u00bb<\/strong><\/p>\n<p>Sum\u00e9rgete en la intensidad y misterio de la selva con nuestra barra de jab\u00f3n artesanal \u00abSelva Negra\u00bb. Inspirado en la rica y deliciosa tradici\u00f3n de la famosa torta, este jab\u00f3n captura la esencia profunda y envolvente de sus ingredientes oscuros y arom\u00e1ticos. El delicado y c\u00edtrico aroma del neroli llena el ambiente, brindando una sensaci\u00f3n de frescura y sofisticaci\u00f3n que contrasta armoniosamente con las notas profundas.<\/p>\n<p>Enriquecido con Aceite de Oliva, que nutre e hidrata la piel, y Aceite de Coco, que aporta una espuma suave y cremosa, \u00abSelva Negra\u00bb es ideal para un ba\u00f1o de lujo. El Aceite de Ricino a\u00f1ade una textura sedosa, haciendo de cada uso una experiencia especial, como un delicado postre para la piel.<\/p>\n<p><strong>Ingredientes:<\/strong> Aceite de Coco, Aceite de Oliva, Aceite de Ricino, Fragancia de Neroli, Agua Destilada, Lej\u00eda (no presente en la barra terminada tras la saponificaci\u00f3n), y Micas como colorantes naturales seguros para la piel.<\/p>\n","protected":false},"excerpt":{"rendered":"<p><strong>Jab\u00f3n Artesanal \u00abSelva Negra\u00bb<\/strong><\/p>\n<p>Disfruta la riqueza y misterio de \u00abSelva Negra\u00bb, un jab\u00f3n artesanal inspirado en la famosa torta, con un aroma fresco y elegante a neroli. Con aceites de oliva, coco y ricino, ofrece una experiencia lujosa y cremosa que nutre y suaviza la piel.<\/p>\n","protected":false},"featured_media":238,"comment_status":"open","ping_status":"closed","template":"","meta":[],"product_cat":[15],"product_tag":[],"class_list":{"0":"post-237","1":"product","2":"type-product","3":"status-publish","4":"has-post-thumbnail","6":"product_cat-uncategorized","8":"first","9":"instock","10":"taxable","11":"shipping-taxable","12":"purchasable","13":"product-type-simple"},"jetpack_sharing_enabled":true,"_links":{"self":[{"href":"https:\/\/www.intisoap.cl\/index.php?rest_route=\/wp\/v2\/product\/237","targetHints":{"allow":["GET"]}}],"collection":[{"href":"https:\/\/www.intisoap.cl\/index.php?rest_route=\/wp\/v2\/product"}],"about":[{"href":"https:\/\/www.intisoap.cl\/index.php?rest_route=\/wp\/v2\/types\/product"}],"replies":[{"embeddable":true,"href":"https:\/\/www.intisoap.cl\/index.php?rest_route=%2Fwp%2Fv2%2Fcomments&post=237"}],"wp:featuredmedia":[{"embeddable":true,"href":"https:\/\/www.intisoap.cl\/index.php?rest_route=\/wp\/v2\/media\/238"}],"wp:attachment":[{"href":"https:\/\/www.intisoap.cl\/index.php?rest_route=%2Fwp%2Fv2%2Fmedia&parent=237"}],"wp:term":[{"taxonomy":"product_cat","embeddable":true,"href":"https:\/\/www.intisoap.cl\/index.php?rest_route=%2Fwp%2Fv2%2Fproduct_cat&post=237"},{"taxonomy":"product_tag","embeddable":true,"href":"https:\/\/www.intisoap.cl\/index.php?rest_route=%2Fwp%2Fv2%2Fproduct_tag&post=237"}],"curies":[{"name":"wp","href":"https:\/\/api.w.org\/{rel}","templated":true}]}}