{"id":206,"date":"2024-11-12T13:58:10","date_gmt":"2024-11-12T16:58:10","guid":{"rendered":"https:\/\/www.intisoap.cl\/?post_type=product&#038;p=206"},"modified":"2024-11-12T13:58:11","modified_gmt":"2024-11-12T16:58:11","slug":"marea-azul","status":"publish","type":"product","link":"https:\/\/www.intisoap.cl\/?product=marea-azul","title":{"rendered":"Marea Azul"},"content":{"rendered":"<p><strong>Jab\u00f3n Artesanal \u00abMarea Azul\u00bb<\/strong><\/p>\n<p>D\u00e9jate envolver por la serenidad y frescura del oc\u00e9ano con nuestra barra de jab\u00f3n artesanal \u00abMarea Azul\u00bb. Inspirado en la tranquilidad y profundidad del mar, este jab\u00f3n captura la esencia de renovaci\u00f3n y calma. El aroma ex\u00f3tico y floral del ylang ylang evoca la paz de las aguas azules, mientras que sus ingredientes naturales cuidan y revitalizan tu piel.<\/p>\n<p>El Aceite de Oliva aporta hidrataci\u00f3n profunda, mientras que el Aceite de Coco crea una espuma suave y cremosa que acaricia tu piel. El Aceite de Ricino a\u00f1ade un toque de lujo, haciendo de cada ba\u00f1o una experiencia revitalizante. \u00abMarea Azul\u00bb es ideal para aquellos que buscan una conexi\u00f3n con la serenidad del mar en cada uso.<\/p>\n<p><strong>Ingredientes:<\/strong> Aceite de Coco, Aceite de Oliva, Aceite de Ricino, Fragancia de Ylang Ylang, Agua Destilada, Lej\u00eda (no presente en la barra terminada tras la saponificaci\u00f3n), y Micas como colorantes naturales seguros para la piel.<\/p>\n","protected":false},"excerpt":{"rendered":"<p><strong>Jab\u00f3n Artesanal \u00abMarea Azul\u00bb<\/strong><\/p>\n<p>Evoca la paz del oc\u00e9ano con \u00abMarea Azul\u00bb, un jab\u00f3n artesanal de suave fragancia a ylang ylang. Enriquecido con aceites de oliva, coco y ricino, nutre y suaviza la piel, brindando una experiencia refrescante y revitalizante en cada ba\u00f1o.<\/p>\n","protected":false},"featured_media":233,"comment_status":"open","ping_status":"closed","template":"","meta":[],"product_cat":[15],"product_tag":[],"class_list":{"0":"post-206","1":"product","2":"type-product","3":"status-publish","4":"has-post-thumbnail","6":"product_cat-uncategorized","8":"first","9":"instock","10":"taxable","11":"shipping-taxable","12":"purchasable","13":"product-type-simple"},"jetpack_sharing_enabled":true,"_links":{"self":[{"href":"https:\/\/www.intisoap.cl\/index.php?rest_route=\/wp\/v2\/product\/206","targetHints":{"allow":["GET"]}}],"collection":[{"href":"https:\/\/www.intisoap.cl\/index.php?rest_route=\/wp\/v2\/product"}],"about":[{"href":"https:\/\/www.intisoap.cl\/index.php?rest_route=\/wp\/v2\/types\/product"}],"replies":[{"embeddable":true,"href":"https:\/\/www.intisoap.cl\/index.php?rest_route=%2Fwp%2Fv2%2Fcomments&post=206"}],"wp:featuredmedia":[{"embeddable":true,"href":"https:\/\/www.intisoap.cl\/index.php?rest_route=\/wp\/v2\/media\/233"}],"wp:attachment":[{"href":"https:\/\/www.intisoap.cl\/index.php?rest_route=%2Fwp%2Fv2%2Fmedia&parent=206"}],"wp:term":[{"taxonomy":"product_cat","embeddable":true,"href":"https:\/\/www.intisoap.cl\/index.php?rest_route=%2Fwp%2Fv2%2Fproduct_cat&post=206"},{"taxonomy":"product_tag","embeddable":true,"href":"https:\/\/www.intisoap.cl\/index.php?rest_route=%2Fwp%2Fv2%2Fproduct_tag&post=206"}],"curies":[{"name":"wp","href":"https:\/\/api.w.org\/{rel}","templated":true}]}}