{"id":190,"date":"2024-11-06T18:02:36","date_gmt":"2024-11-06T21:02:36","guid":{"rendered":"https:\/\/www.intisoap.cl\/?post_type=product&#038;p=190"},"modified":"2024-11-06T18:02:36","modified_gmt":"2024-11-06T21:02:36","slug":"galaxia-cosmica","status":"publish","type":"product","link":"https:\/\/www.intisoap.cl\/?product=galaxia-cosmica","title":{"rendered":"Galaxia C\u00f3smica"},"content":{"rendered":"<p>Jab\u00f3n Artesanal \u00abGalaxia C\u00f3smica\u00bb<\/p>\n<p>Ad\u00e9ntrate en la inmensidad del universo con nuestra barra de jab\u00f3n artesanal \u00abGalaxia C\u00f3smica\u00bb. Inspirado en la belleza y el misterio de las galaxias, este jab\u00f3n presenta un dise\u00f1o celestial que evoca la elegancia y el esplendor del cosmos. Con el aroma c\u00e1lido y relajante del s\u00e1ndalo, \u00abGalaxia C\u00f3smica\u00bb ofrece una experiencia sensorial envolvente que calma y revitaliza. Elaborado con aceites naturales que nutren y suavizan la piel, su espuma rica y cremosa te transporta a un estado de serenidad y bienestar. Cada barra es un homenaje al asombro y la maravilla del universo.<\/p>\n<p>Ingredientes: Aceite de Coco, Aceite de Oliva, Aceite de Ricino, Aceite Esencial de S\u00e1ndalo, Agua Destilada, Lej\u00eda (despu\u00e9s de la saponificaci\u00f3n, la lej\u00eda no est\u00e1 presente en la barra terminada), Micas como colorantes naturales seguros para la piel.<\/p>\n","protected":false},"excerpt":{"rendered":"<p>Jab\u00f3n Artesanal \u00abGalaxia C\u00f3smica\u00bb<\/p>\n<p>Explora el misterio del universo con \u00abGalaxia C\u00f3smica\u00bb, un jab\u00f3n artesanal de dise\u00f1o celestial y aroma relajante de s\u00e1ndalo. Con aceites naturales y una espuma cremosa, nutre y suaviza la piel, brindando una experiencia de calma y bienestar en cada uso.<\/p>\n","protected":false},"featured_media":193,"comment_status":"open","ping_status":"closed","template":"","meta":[],"product_cat":[15],"product_tag":[],"class_list":{"0":"post-190","1":"product","2":"type-product","3":"status-publish","4":"has-post-thumbnail","6":"product_cat-uncategorized","8":"first","9":"instock","10":"taxable","11":"shipping-taxable","12":"purchasable","13":"product-type-simple"},"jetpack_sharing_enabled":true,"_links":{"self":[{"href":"https:\/\/www.intisoap.cl\/index.php?rest_route=\/wp\/v2\/product\/190","targetHints":{"allow":["GET"]}}],"collection":[{"href":"https:\/\/www.intisoap.cl\/index.php?rest_route=\/wp\/v2\/product"}],"about":[{"href":"https:\/\/www.intisoap.cl\/index.php?rest_route=\/wp\/v2\/types\/product"}],"replies":[{"embeddable":true,"href":"https:\/\/www.intisoap.cl\/index.php?rest_route=%2Fwp%2Fv2%2Fcomments&post=190"}],"wp:featuredmedia":[{"embeddable":true,"href":"https:\/\/www.intisoap.cl\/index.php?rest_route=\/wp\/v2\/media\/193"}],"wp:attachment":[{"href":"https:\/\/www.intisoap.cl\/index.php?rest_route=%2Fwp%2Fv2%2Fmedia&parent=190"}],"wp:term":[{"taxonomy":"product_cat","embeddable":true,"href":"https:\/\/www.intisoap.cl\/index.php?rest_route=%2Fwp%2Fv2%2Fproduct_cat&post=190"},{"taxonomy":"product_tag","embeddable":true,"href":"https:\/\/www.intisoap.cl\/index.php?rest_route=%2Fwp%2Fv2%2Fproduct_tag&post=190"}],"curies":[{"name":"wp","href":"https:\/\/api.w.org\/{rel}","templated":true}]}}