{"id":183,"date":"2024-11-06T17:46:51","date_gmt":"2024-11-06T20:46:51","guid":{"rendered":"https:\/\/www.intisoap.cl\/?post_type=product&#038;p=183"},"modified":"2024-11-06T17:46:51","modified_gmt":"2024-11-06T20:46:51","slug":"millefiori-de-ylang-ylang","status":"publish","type":"product","link":"https:\/\/www.intisoap.cl\/?product=millefiori-de-ylang-ylang","title":{"rendered":"Millefiori de Ylang Ylang"},"content":{"rendered":"<p><strong>Jab\u00f3n Artesanal \u00abMillefiori de Ylang Ylang\u00bb<\/strong><\/p>\n<p>Sum\u00e9rgete en la elegancia y el arte de la t\u00e9cnica millefiori con nuestra barra de jab\u00f3n artesanal \u00abMillefiori de Ylang Ylang\u00bb. Inspirado en los patrones intrincados y coloridos de esta antigua t\u00e9cnica decorativa, cada jab\u00f3n es una obra de arte \u00fanica que captura la delicadeza de las flores multicolores. El fresco y vibrante aroma del Ylang Ylang se combina a la perfecci\u00f3n con las propiedades hidratantes del Aceite de Oliva y la espuma rica y cremosa del Aceite de Coco, mientras que el Aceite de Ricino proporciona una suavidad lujosa en la piel. Cada barra es cuidadosamente elaborada para ofrecerte una experiencia de ba\u00f1o que evoca la belleza artesanal y la fragancia embriagadora del neroli, convirtiendo cada uso en un ritual de bienestar y arte.<\/p>\n<p><strong>Ingredientes<\/strong>: Aceite de Coco, Aceite de Oliva, Aceite de Ricino, Fragancia de Ylang Ylang, Agua Destilada, Lej\u00eda (despu\u00e9s de la saponificaci\u00f3n, la lej\u00eda no est\u00e1 presente en la barra terminada), Micas como colorantes naturales seguros para la piel.<\/p>\n","protected":false},"excerpt":{"rendered":"<p>Jab\u00f3n Artesanal \u00abMillefiori de Ylang Ylang\u00bb<\/p>\n<p>Disfruta de la elegancia del arte millefiori con \u00abMillefiori de Ylang Ylang\u00bb, un jab\u00f3n artesanal con un dise\u00f1o intrincado y un aroma vibrante de ylang ylang. Su espuma cremosa y aceites naturales nutren la piel, ofreciendo una experiencia de ba\u00f1o lujosa y revitalizante en cada uso.<\/p>\n","protected":false},"featured_media":185,"comment_status":"open","ping_status":"closed","template":"","meta":[],"product_cat":[15],"product_tag":[],"class_list":{"0":"post-183","1":"product","2":"type-product","3":"status-publish","4":"has-post-thumbnail","6":"product_cat-uncategorized","8":"first","9":"instock","10":"taxable","11":"shipping-taxable","12":"purchasable","13":"product-type-simple"},"jetpack_sharing_enabled":true,"_links":{"self":[{"href":"https:\/\/www.intisoap.cl\/index.php?rest_route=\/wp\/v2\/product\/183","targetHints":{"allow":["GET"]}}],"collection":[{"href":"https:\/\/www.intisoap.cl\/index.php?rest_route=\/wp\/v2\/product"}],"about":[{"href":"https:\/\/www.intisoap.cl\/index.php?rest_route=\/wp\/v2\/types\/product"}],"replies":[{"embeddable":true,"href":"https:\/\/www.intisoap.cl\/index.php?rest_route=%2Fwp%2Fv2%2Fcomments&post=183"}],"wp:featuredmedia":[{"embeddable":true,"href":"https:\/\/www.intisoap.cl\/index.php?rest_route=\/wp\/v2\/media\/185"}],"wp:attachment":[{"href":"https:\/\/www.intisoap.cl\/index.php?rest_route=%2Fwp%2Fv2%2Fmedia&parent=183"}],"wp:term":[{"taxonomy":"product_cat","embeddable":true,"href":"https:\/\/www.intisoap.cl\/index.php?rest_route=%2Fwp%2Fv2%2Fproduct_cat&post=183"},{"taxonomy":"product_tag","embeddable":true,"href":"https:\/\/www.intisoap.cl\/index.php?rest_route=%2Fwp%2Fv2%2Fproduct_tag&post=183"}],"curies":[{"name":"wp","href":"https:\/\/api.w.org\/{rel}","templated":true}]}}