{"id":156,"date":"2024-11-06T17:29:56","date_gmt":"2024-11-06T20:29:56","guid":{"rendered":"https:\/\/www.intisoap.cl\/?post_type=product&#038;p=156"},"modified":"2024-11-06T17:29:56","modified_gmt":"2024-11-06T20:29:56","slug":"caricias-de-ternura","status":"publish","type":"product","link":"https:\/\/www.intisoap.cl\/?product=caricias-de-ternura","title":{"rendered":"Caricias de Ternura"},"content":{"rendered":"<p>Jab\u00f3n Artesanal \u00abCaricias de Ternura\u00bb<\/p>\n<p>Explora la suavidad y el confort con nuestra barra de jab\u00f3n artesanal \u00abCaricias de Ternura\u00bb. Inspirado en las cosas m\u00e1s tiernas de la vida, este jab\u00f3n presenta un dise\u00f1o delicado y envolvente que evoca sentimientos de cuidado y protecci\u00f3n. Con el aroma fresco y purificante del tea tree, \u00abCaricias de Ternura\u00bb ofrece una experiencia sensorial revitalizante que limpia y reconforta. Elaborado con aceites naturales que nutren y suavizan la piel, su espuma rica y cremosa te envuelve en un momento de bienestar y frescura. Cada barra es una celebraci\u00f3n de la suavidad y el cuidado personal, destacada por su aroma a tea tree que refresca y revitaliza.<\/p>\n<p>Ingredientes: Aceite de Coco, Aceite de Oliva, Aceite de Ricino, Aceite Esencial de Tea Tree, Agua Destilada, Lej\u00eda (despu\u00e9s de la saponificaci\u00f3n, la lej\u00eda no est\u00e1 presente en la barra terminada), Micas como colorantes naturales seguros para la piel.<\/p>\n","protected":false},"excerpt":{"rendered":"<p>Jab\u00f3n Artesanal \u00abCaricias de Ternura\u00bb<\/p>\n<p>Disfruta de la frescura y el confort de \u00abCaricias de Ternura\u00bb, un jab\u00f3n artesanal con el revitalizante aroma a Tea Tree. Su espuma cremosa y aceites naturales nutren y suavizan la piel, brind\u00e1ndote un momento de limpieza y bienestar en cada uso.<\/p>\n","protected":false},"featured_media":157,"comment_status":"open","ping_status":"closed","template":"","meta":[],"product_cat":[15],"product_tag":[],"class_list":{"0":"post-156","1":"product","2":"type-product","3":"status-publish","4":"has-post-thumbnail","6":"product_cat-uncategorized","8":"first","9":"instock","10":"taxable","11":"shipping-taxable","12":"purchasable","13":"product-type-simple"},"jetpack_sharing_enabled":true,"_links":{"self":[{"href":"https:\/\/www.intisoap.cl\/index.php?rest_route=\/wp\/v2\/product\/156","targetHints":{"allow":["GET"]}}],"collection":[{"href":"https:\/\/www.intisoap.cl\/index.php?rest_route=\/wp\/v2\/product"}],"about":[{"href":"https:\/\/www.intisoap.cl\/index.php?rest_route=\/wp\/v2\/types\/product"}],"replies":[{"embeddable":true,"href":"https:\/\/www.intisoap.cl\/index.php?rest_route=%2Fwp%2Fv2%2Fcomments&post=156"}],"wp:featuredmedia":[{"embeddable":true,"href":"https:\/\/www.intisoap.cl\/index.php?rest_route=\/wp\/v2\/media\/157"}],"wp:attachment":[{"href":"https:\/\/www.intisoap.cl\/index.php?rest_route=%2Fwp%2Fv2%2Fmedia&parent=156"}],"wp:term":[{"taxonomy":"product_cat","embeddable":true,"href":"https:\/\/www.intisoap.cl\/index.php?rest_route=%2Fwp%2Fv2%2Fproduct_cat&post=156"},{"taxonomy":"product_tag","embeddable":true,"href":"https:\/\/www.intisoap.cl\/index.php?rest_route=%2Fwp%2Fv2%2Fproduct_tag&post=156"}],"curies":[{"name":"wp","href":"https:\/\/api.w.org\/{rel}","templated":true}]}}