{"id":115,"date":"2024-11-06T16:21:15","date_gmt":"2024-11-06T19:21:15","guid":{"rendered":"https:\/\/www.intisoap.cl\/?post_type=product&#038;p=115"},"modified":"2024-11-18T16:58:06","modified_gmt":"2024-11-18T19:58:06","slug":"magic-pumpkin-recortes","status":"publish","type":"product","link":"https:\/\/www.intisoap.cl\/?product=magic-pumpkin-recortes","title":{"rendered":"Pozo de Almas"},"content":{"rendered":"<p style=\"text-align: left;\">Jab\u00f3n Artesanal \u00abPozo de Almas\u00bb<\/p>\n<p style=\"text-align: left;\">Descubre la magia y el encanto del oto\u00f1o con nuestra barra de jab\u00f3n artesanal \u00abPozo de Almas\u00bb. Inspirado en la calidez de la temporada y las tradiciones acogedoras, este jab\u00f3n combina la suavidad reconfortante del oto\u00f1o con un toque refrescante y revitalizante de tea tree. Elaborado cuidadosamente con aceites naturales que nutren y suavizan la piel, \u00abPozo de Almas\u00bb brinda una experiencia sensorial \u00fanica con una espuma rica y cremosa. El aroma fresco y purificante del tea tree se mezcla con los aceites hidratantes para envolver tu piel en un ritual de limpieza que revitaliza y relaja al mismo tiempo. Cada barra es una obra de arte, dise\u00f1ada para transportarte a un mundo de bienestar y armon\u00eda oto\u00f1al.<\/p>\n<p style=\"text-align: left;\">Ingredientes: Aceite de Coco, Aceite de Oliva, Aceite de Ricino, Aceite Esencial de Tea Tree, Agua Destilada, Lej\u00eda (despu\u00e9s de la saponificaci\u00f3n, la lej\u00eda no est\u00e1 presente en la barra terminada), Micas como colorantes naturales seguros para la piel.<\/p>\n","protected":false},"excerpt":{"rendered":"<p>Jab\u00f3n Artesanal \u00abPozo de Almas\u00bb<\/p>\n<p>Sum\u00e9rgete en la calidez del oto\u00f1o con \u00abMagic Pumpkin Recortes\u00bb, un jab\u00f3n artesanal que combina la frescura purificante del tea tree con aceites naturales que nutren y suavizan la piel. Disfruta de una experiencia revitalizante y relajante en cada uso, envolvi\u00e9ndote en un aroma \u00fanico y reconfortante.<\/p>\n","protected":false},"featured_media":116,"comment_status":"open","ping_status":"closed","template":"","meta":[],"product_cat":[15],"product_tag":[],"class_list":{"0":"post-115","1":"product","2":"type-product","3":"status-publish","4":"has-post-thumbnail","6":"product_cat-uncategorized","8":"first","9":"instock","10":"taxable","11":"shipping-taxable","12":"purchasable","13":"product-type-simple"},"jetpack_sharing_enabled":true,"_links":{"self":[{"href":"https:\/\/www.intisoap.cl\/index.php?rest_route=\/wp\/v2\/product\/115","targetHints":{"allow":["GET"]}}],"collection":[{"href":"https:\/\/www.intisoap.cl\/index.php?rest_route=\/wp\/v2\/product"}],"about":[{"href":"https:\/\/www.intisoap.cl\/index.php?rest_route=\/wp\/v2\/types\/product"}],"replies":[{"embeddable":true,"href":"https:\/\/www.intisoap.cl\/index.php?rest_route=%2Fwp%2Fv2%2Fcomments&post=115"}],"wp:featuredmedia":[{"embeddable":true,"href":"https:\/\/www.intisoap.cl\/index.php?rest_route=\/wp\/v2\/media\/116"}],"wp:attachment":[{"href":"https:\/\/www.intisoap.cl\/index.php?rest_route=%2Fwp%2Fv2%2Fmedia&parent=115"}],"wp:term":[{"taxonomy":"product_cat","embeddable":true,"href":"https:\/\/www.intisoap.cl\/index.php?rest_route=%2Fwp%2Fv2%2Fproduct_cat&post=115"},{"taxonomy":"product_tag","embeddable":true,"href":"https:\/\/www.intisoap.cl\/index.php?rest_route=%2Fwp%2Fv2%2Fproduct_tag&post=115"}],"curies":[{"name":"wp","href":"https:\/\/api.w.org\/{rel}","templated":true}]}}