{"id":8,"date":"2024-09-01T23:10:45","date_gmt":"2024-09-01T23:10:45","guid":{"rendered":"https:\/\/www.intisoap.cl\/?page_id=8"},"modified":"2024-11-13T13:15:23","modified_gmt":"2024-11-13T16:15:23","slug":"cart","status":"publish","type":"page","link":"https:\/\/www.intisoap.cl\/?page_id=8","title":{"rendered":"Carrito"},"content":{"rendered":"<div data-block-name=\"woocommerce\/cart\" class=\"wp-block-woocommerce-cart alignwide is-loading\"><div data-block-name=\"woocommerce\/filled-cart-block\" class=\"wp-block-woocommerce-filled-cart-block\"><div data-block-name=\"woocommerce\/cart-items-block\" class=\"wp-block-woocommerce-cart-items-block\"><div data-block-name=\"woocommerce\/cart-line-items-block\" class=\"wp-block-woocommerce-cart-line-items-block\"><\/div>\n\n<div data-block-name=\"woocommerce\/cart-cross-sells-block\" class=\"wp-block-woocommerce-cart-cross-sells-block\"><h2 class=\"wp-block-heading has-large-font-size\">You may be interested in\u2026<\/h2>\n\n<div data-block-name=\"woocommerce\/cart-cross-sells-products-block\" class=\"wp-block-woocommerce-cart-cross-sells-products-block\"><\/div><\/div><\/div>\n\n<div data-block-name=\"woocommerce\/cart-totals-block\" class=\"wp-block-woocommerce-cart-totals-block\"><div data-block-name=\"woocommerce\/cart-order-summary-block\" class=\"wp-block-woocommerce-cart-order-summary-block\"><div data-block-name=\"woocommerce\/cart-order-summary-heading-block\" class=\"wp-block-woocommerce-cart-order-summary-heading-block\"><\/div><div data-block-name=\"woocommerce\/cart-order-summary-coupon-form-block\" class=\"wp-block-woocommerce-cart-order-summary-coupon-form-block\"><\/div><div data-block-name=\"woocommerce\/cart-order-summary-totals-block\" class=\"wp-block-woocommerce-cart-order-summary-totals-block\">\n<div data-block-name=\"woocommerce\/cart-order-summary-subtotal-block\" class=\"wp-block-woocommerce-cart-order-summary-subtotal-block\"><\/div>\n<div data-block-name=\"woocommerce\/cart-order-summary-discount-block\" class=\"wp-block-woocommerce-cart-order-summary-discount-block\"><\/div>\n<div data-block-name=\"woocommerce\/cart-order-summary-fee-block\" class=\"wp-block-woocommerce-cart-order-summary-fee-block\"><\/div>\n<div data-block-name=\"woocommerce\/cart-order-summary-shipping-block\" class=\"wp-block-woocommerce-cart-order-summary-shipping-block\"><\/div>\n<div data-block-name=\"woocommerce\/cart-order-summary-taxes-block\" class=\"wp-block-woocommerce-cart-order-summary-taxes-block\"><\/div><\/div><\/div>\n\n<div data-block-name=\"woocommerce\/cart-express-payment-block\" class=\"wp-block-woocommerce-cart-express-payment-block\"><\/div>\n\n<div data-block-name=\"woocommerce\/proceed-to-checkout-block\" class=\"wp-block-woocommerce-proceed-to-checkout-block\"><\/div>\n\n<div data-block-name=\"woocommerce\/cart-accepted-payment-methods-block\" class=\"wp-block-woocommerce-cart-accepted-payment-methods-block\"><\/div><\/div><\/div>\n\n<div data-block-name=\"woocommerce\/empty-cart-block\" class=\"wp-block-woocommerce-empty-cart-block\"><h2 class=\"wp-block-heading has-text-align-center with-empty-cart-icon wc-block-cart__empty-cart__title\">Your cart is currently empty!<\/h2>\n\n<hr class=\"wp-block-separator has-alpha-channel-opacity is-style-dots\"\/>\n\n<h2 class=\"wp-block-heading has-text-align-center\">New in store<\/h2>\n\n<div data-block-name=\"woocommerce\/product-new\" data-columns=\"4\" data-rows=\"1\" class=\"wc-block-grid wp-block-product-new wc-block-product-new has-4-columns\"><ul class=\"wc-block-grid__products\"><li class=\"wc-block-grid__product\">\n\t\t\t\t<a href=\"https:\/\/www.intisoap.cl\/?product=oasis-del-desierto\" class=\"wc-block-grid__product-link\">\n\t\t\t\t\t\n\t\t\t\t\t<div class=\"wc-block-grid__product-image\"><img loading=\"lazy\" decoding=\"async\" width=\"324\" height=\"324\" src=\"https:\/\/www.intisoap.cl\/wp-content\/uploads\/2024\/11\/7af044f2-421e-4e57-ae68-5590ac1b9205-324x324.jpg\" class=\"attachment-woocommerce_thumbnail size-woocommerce_thumbnail\" alt=\"Oasis del Desierto\" srcset=\"https:\/\/www.intisoap.cl\/wp-content\/uploads\/2024\/11\/7af044f2-421e-4e57-ae68-5590ac1b9205-324x324.jpg 324w, https:\/\/www.intisoap.cl\/wp-content\/uploads\/2024\/11\/7af044f2-421e-4e57-ae68-5590ac1b9205-150x150.jpg 150w, https:\/\/www.intisoap.cl\/wp-content\/uploads\/2024\/11\/7af044f2-421e-4e57-ae68-5590ac1b9205-100x100.jpg 100w\" sizes=\"auto, (max-width: 324px) 100vw, 324px\" \/><\/div>\n\t\t\t\t\t<div class=\"wc-block-grid__product-title\">Oasis del Desierto<\/div>\n\t\t\t\t<\/a>\n\t\t\t\t<div class=\"wc-block-grid__product-price price\"><span class=\"woocommerce-Price-amount amount\"><span class=\"woocommerce-Price-currencySymbol\">&#036;<\/span>8.990<\/span><\/div>\n\t\t\t\t\n\t\t\t\t<div class=\"wp-block-button wc-block-grid__product-add-to-cart\"><a href=\"?add-to-cart=328\" aria-label=\"A\u00f1adir al carrito: &ldquo;Oasis del Desierto&rdquo;\" data-quantity=\"1\" data-product_id=\"328\" data-product_sku=\"\" data-price=\"8990\" rel=\"nofollow\" class=\"wp-block-button__link  add_to_cart_button ajax_add_to_cart\">A\u00f1adir al carrito<\/a><\/div>\n\t\t\t<\/li><li class=\"wc-block-grid__product\">\n\t\t\t\t<a href=\"https:\/\/www.intisoap.cl\/?product=olas-de-color\" class=\"wc-block-grid__product-link\">\n\t\t\t\t\t\n\t\t\t\t\t<div class=\"wc-block-grid__product-image\"><img loading=\"lazy\" decoding=\"async\" width=\"324\" height=\"324\" src=\"https:\/\/www.intisoap.cl\/wp-content\/uploads\/2024\/11\/b7f6a6e5-cfa5-4539-b64c-5b982abaa028-324x324.jpg\" class=\"attachment-woocommerce_thumbnail size-woocommerce_thumbnail\" alt=\"Olas de Color\" srcset=\"https:\/\/www.intisoap.cl\/wp-content\/uploads\/2024\/11\/b7f6a6e5-cfa5-4539-b64c-5b982abaa028-324x324.jpg 324w, https:\/\/www.intisoap.cl\/wp-content\/uploads\/2024\/11\/b7f6a6e5-cfa5-4539-b64c-5b982abaa028-150x150.jpg 150w, https:\/\/www.intisoap.cl\/wp-content\/uploads\/2024\/11\/b7f6a6e5-cfa5-4539-b64c-5b982abaa028-100x100.jpg 100w\" sizes=\"auto, (max-width: 324px) 100vw, 324px\" \/><\/div>\n\t\t\t\t\t<div class=\"wc-block-grid__product-title\">Olas de Color<\/div>\n\t\t\t\t<\/a>\n\t\t\t\t<div class=\"wc-block-grid__product-price price\"><span class=\"woocommerce-Price-amount amount\"><span class=\"woocommerce-Price-currencySymbol\">&#036;<\/span>6.990<\/span><\/div>\n\t\t\t\t\n\t\t\t\t<div class=\"wp-block-button wc-block-grid__product-add-to-cart\"><a href=\"?add-to-cart=323\" aria-label=\"A\u00f1adir al carrito: &ldquo;Olas de Color&rdquo;\" data-quantity=\"1\" data-product_id=\"323\" data-product_sku=\"\" data-price=\"6990\" rel=\"nofollow\" class=\"wp-block-button__link  add_to_cart_button ajax_add_to_cart\">A\u00f1adir al carrito<\/a><\/div>\n\t\t\t<\/li><li class=\"wc-block-grid__product\">\n\t\t\t\t<a href=\"https:\/\/www.intisoap.cl\/?product=estanque-floral\" class=\"wc-block-grid__product-link\">\n\t\t\t\t\t\n\t\t\t\t\t<div class=\"wc-block-grid__product-image\"><img loading=\"lazy\" decoding=\"async\" width=\"324\" height=\"324\" src=\"https:\/\/www.intisoap.cl\/wp-content\/uploads\/2024\/11\/7f90f932-7172-4976-9c00-99d6b4423db7-324x324.jpg\" class=\"attachment-woocommerce_thumbnail size-woocommerce_thumbnail\" alt=\"Estanque Floral\" srcset=\"https:\/\/www.intisoap.cl\/wp-content\/uploads\/2024\/11\/7f90f932-7172-4976-9c00-99d6b4423db7-324x324.jpg 324w, https:\/\/www.intisoap.cl\/wp-content\/uploads\/2024\/11\/7f90f932-7172-4976-9c00-99d6b4423db7-150x150.jpg 150w, https:\/\/www.intisoap.cl\/wp-content\/uploads\/2024\/11\/7f90f932-7172-4976-9c00-99d6b4423db7-100x100.jpg 100w\" sizes=\"auto, (max-width: 324px) 100vw, 324px\" \/><\/div>\n\t\t\t\t\t<div class=\"wc-block-grid__product-title\">Estanque Floral<\/div>\n\t\t\t\t<\/a>\n\t\t\t\t<div class=\"wc-block-grid__product-price price\"><span class=\"woocommerce-Price-amount amount\"><span class=\"woocommerce-Price-currencySymbol\">&#036;<\/span>8.990<\/span><\/div>\n\t\t\t\t\n\t\t\t\t<div class=\"wp-block-button wc-block-grid__product-add-to-cart\"><a href=\"?add-to-cart=317\" aria-label=\"A\u00f1adir al carrito: &ldquo;Estanque Floral&rdquo;\" data-quantity=\"1\" data-product_id=\"317\" data-product_sku=\"\" data-price=\"8990\" rel=\"nofollow\" class=\"wp-block-button__link  add_to_cart_button ajax_add_to_cart\">A\u00f1adir al carrito<\/a><\/div>\n\t\t\t<\/li><li class=\"wc-block-grid__product\">\n\t\t\t\t<a href=\"https:\/\/www.intisoap.cl\/?product=cubos-triada-aromatica\" class=\"wc-block-grid__product-link\">\n\t\t\t\t\t\n\t\t\t\t\t<div class=\"wc-block-grid__product-image\"><img loading=\"lazy\" decoding=\"async\" width=\"324\" height=\"324\" src=\"https:\/\/www.intisoap.cl\/wp-content\/uploads\/2024\/11\/8c4e929f-c3cb-4a74-acb5-a72b914a7c31-324x324.jpg\" class=\"attachment-woocommerce_thumbnail size-woocommerce_thumbnail\" alt=\"Cubos Tr\u00edada Arom\u00e1tica\" srcset=\"https:\/\/www.intisoap.cl\/wp-content\/uploads\/2024\/11\/8c4e929f-c3cb-4a74-acb5-a72b914a7c31-324x324.jpg 324w, https:\/\/www.intisoap.cl\/wp-content\/uploads\/2024\/11\/8c4e929f-c3cb-4a74-acb5-a72b914a7c31-150x150.jpg 150w, https:\/\/www.intisoap.cl\/wp-content\/uploads\/2024\/11\/8c4e929f-c3cb-4a74-acb5-a72b914a7c31-100x100.jpg 100w\" sizes=\"auto, (max-width: 324px) 100vw, 324px\" \/><\/div>\n\t\t\t\t\t<div class=\"wc-block-grid__product-title\">Cubos Tr\u00edada Arom\u00e1tica<\/div>\n\t\t\t\t<\/a>\n\t\t\t\t<div class=\"wc-block-grid__product-price price\"><span class=\"woocommerce-Price-amount amount\"><span class=\"woocommerce-Price-currencySymbol\">&#036;<\/span>5.990<\/span><\/div>\n\t\t\t\t\n\t\t\t\t<div class=\"wp-block-button wc-block-grid__product-add-to-cart\"><a href=\"?add-to-cart=312\" aria-label=\"A\u00f1adir al carrito: &ldquo;Cubos Tr\u00edada Arom\u00e1tica&rdquo;\" data-quantity=\"1\" data-product_id=\"312\" data-product_sku=\"\" data-price=\"5990\" rel=\"nofollow\" class=\"wp-block-button__link  add_to_cart_button ajax_add_to_cart\">A\u00f1adir al carrito<\/a><\/div>\n\t\t\t<\/li><\/ul><\/div><\/div><\/div>","protected":false},"excerpt":{"rendered":"","protected":false},"author":1,"featured_media":0,"parent":0,"menu_order":0,"comment_status":"closed","ping_status":"closed","template":"","meta":{"footnotes":""},"class_list":["post-8","page","type-page","status-publish","hentry"],"jetpack_sharing_enabled":true,"_links":{"self":[{"href":"https:\/\/www.intisoap.cl\/index.php?rest_route=\/wp\/v2\/pages\/8","targetHints":{"allow":["GET"]}}],"collection":[{"href":"https:\/\/www.intisoap.cl\/index.php?rest_route=\/wp\/v2\/pages"}],"about":[{"href":"https:\/\/www.intisoap.cl\/index.php?rest_route=\/wp\/v2\/types\/page"}],"author":[{"embeddable":true,"href":"https:\/\/www.intisoap.cl\/index.php?rest_route=\/wp\/v2\/users\/1"}],"replies":[{"embeddable":true,"href":"https:\/\/www.intisoap.cl\/index.php?rest_route=%2Fwp%2Fv2%2Fcomments&post=8"}],"version-history":[{"count":2,"href":"https:\/\/www.intisoap.cl\/index.php?rest_route=\/wp\/v2\/pages\/8\/revisions"}],"predecessor-version":[{"id":264,"href":"https:\/\/www.intisoap.cl\/index.php?rest_route=\/wp\/v2\/pages\/8\/revisions\/264"}],"wp:attachment":[{"href":"https:\/\/www.intisoap.cl\/index.php?rest_route=%2Fwp%2Fv2%2Fmedia&parent=8"}],"curies":[{"name":"wp","href":"https:\/\/api.w.org\/{rel}","templated":true}]}}